{"id":205,"date":"2025-11-01T21:40:36","date_gmt":"2025-11-02T01:40:36","guid":{"rendered":"https:\/\/s5c.72e.mywebsitetransfer.com\/?page_id=205"},"modified":"2026-01-30T07:46:22","modified_gmt":"2026-01-30T12:46:22","slug":"our-culture","status":"publish","type":"page","link":"https:\/\/www.stanadyne.com\/es\/our-culture\/","title":{"rendered":"Nuestra cultura"},"content":{"rendered":"<div data-elementor-type=\"wp-page\" data-elementor-id=\"205\" class=\"elementor elementor-205\" data-elementor-post-type=\"page\">\n\t\t\t\t<div class=\"elementor-element elementor-element-7707ad0 e-flex e-con-boxed e-con e-parent\" data-id=\"7707ad0\" data-element_type=\"container\" data-e-type=\"container\">\n\t\t\t\t\t<div class=\"e-con-inner\">\n\t\t<div class=\"elementor-element elementor-element-f8ee494 e-con-full e-flex elementor-invisible e-con e-child\" data-id=\"f8ee494\" data-element_type=\"container\" data-e-type=\"container\" data-settings=\"{&quot;animation&quot;:&quot;fadeInLeft&quot;}\">\n\t\t\t\t<div class=\"elementor-element elementor-element-06b4b92 grayheader elementor-widget elementor-widget-heading\" data-id=\"06b4b92\" data-element_type=\"widget\" data-e-type=\"widget\" data-widget_type=\"heading.default\">\n\t\t\t\t\t<h2 class=\"elementor-heading-title elementor-size-default\">Dise\u00f1ado para sobresalir<\/h2>\t\t\t\t<\/div>\n\t\t\t\t<div class=\"elementor-element elementor-element-689844c elementor-widget elementor-widget-text-editor\" data-id=\"689844c\" data-element_type=\"widget\" data-e-type=\"widget\" data-widget_type=\"text-editor.default\">\n\t\t\t\t\t\t\t\t\t<p>Nuestra gente hace de Stanadyne la empresa que somos. Nos diferenciamos de los dem\u00e1s no s\u00f3lo porque construimos sistemas de combustible innovadores, sino por nuestra cultura. Somos un colectivo apasionado de los mejores y m\u00e1s brillantes, y creemos que las soluciones innovadoras derivan del poder de la colaboraci\u00f3n y de una plantilla diversificada.<\/p><p>Nos exigimos los m\u00e1s altos niveles de integridad y responsabilidad y nos desafiamos mutuamente a cuestionar lo que es posible para alcanzar nuevas cotas. Compartimos una visi\u00f3n del futuro de un mundo m\u00e1s inteligente, m\u00e1s ecol\u00f3gico y m\u00e1s eficiente. Nuestra gente procede de muchas regiones diferentes y habla muchos idiomas, y aceptamos los retos que tenemos por delante con la mentalidad de que nada es imposible.<\/p>\t\t\t\t\t\t\t\t<\/div>\n\t\t\t\t<\/div>\n\t\t<div class=\"elementor-element elementor-element-ee3b791 e-con-full e-flex elementor-invisible e-con e-child\" data-id=\"ee3b791\" data-element_type=\"container\" data-e-type=\"container\" data-settings=\"{&quot;animation&quot;:&quot;fadeInRight&quot;}\">\n\t\t\t\t<div class=\"elementor-element elementor-element-e607bd9 elementor-widget elementor-widget-image\" data-id=\"e607bd9\" data-element_type=\"widget\" data-e-type=\"widget\" data-widget_type=\"image.default\">\n\t\t\t\t\t\t\t\t\t\t\t\t\t\t\t<img fetchpriority=\"high\" decoding=\"async\" width=\"1024\" height=\"569\" src=\"https:\/\/www.stanadyne.com\/wp-content\/uploads\/2025\/11\/corporate-culture-page-1024x569.webp\" class=\"attachment-large size-large wp-image-41129\" alt=\"\" srcset=\"https:\/\/www.stanadyne.com\/wp-content\/uploads\/2025\/11\/corporate-culture-page-1024x569.webp 1024w, https:\/\/www.stanadyne.com\/wp-content\/uploads\/2025\/11\/corporate-culture-page-300x167.webp 300w, https:\/\/www.stanadyne.com\/wp-content\/uploads\/2025\/11\/corporate-culture-page-768x427.webp 768w, https:\/\/www.stanadyne.com\/wp-content\/uploads\/2025\/11\/corporate-culture-page-1536x854.webp 1536w, https:\/\/www.stanadyne.com\/wp-content\/uploads\/2025\/11\/corporate-culture-page-1000x556.webp 1000w, https:\/\/www.stanadyne.com\/wp-content\/uploads\/2025\/11\/corporate-culture-page.webp 1920w\" sizes=\"(max-width: 1024px) 100vw, 1024px\" \/>\t\t\t\t\t\t\t\t\t\t\t\t\t\t\t<\/div>\n\t\t\t\t<\/div>\n\t\t<div class=\"elementor-element elementor-element-9ffb76e e-con-full e-flex elementor-invisible e-con e-child\" data-id=\"9ffb76e\" data-element_type=\"container\" data-e-type=\"container\" data-settings=\"{&quot;animation&quot;:&quot;fadeInUp&quot;}\">\n\t\t\t\t<div class=\"elementor-element elementor-element-30724c5 elementor-widget elementor-widget-text-editor\" data-id=\"30724c5\" data-element_type=\"widget\" data-e-type=\"widget\" data-widget_type=\"text-editor.default\">\n\t\t\t\t\t\t\t\t\t<p>Nuestros valores nos conectan y nuestra imagen de futuro es clara. Nuestra gente y nuestra cultura son las claves para impulsar las innovaciones que dar\u00e1n forma al futuro de los sistemas de combustible.<\/p>\t\t\t\t\t\t\t\t<\/div>\n\t\t\t\t<\/div>\n\t\t\t\t\t<\/div>\n\t\t\t\t<\/div>\n\t\t<div class=\"elementor-element elementor-element-26c6dc3 e-flex e-con-boxed e-con e-parent\" data-id=\"26c6dc3\" data-element_type=\"container\" data-e-type=\"container\">\n\t\t\t\t\t<div class=\"e-con-inner\">\n\t\t<div class=\"elementor-element elementor-element-9bd2acd e-con-full e-flex elementor-invisible e-con e-child\" data-id=\"9bd2acd\" data-element_type=\"container\" data-e-type=\"container\" data-settings=\"{&quot;animation&quot;:&quot;fadeInLeft&quot;}\">\n\t\t\t\t<div class=\"elementor-element elementor-element-f292865 elementor-widget elementor-widget-heading\" data-id=\"f292865\" data-element_type=\"widget\" data-e-type=\"widget\" data-widget_type=\"heading.default\">\n\t\t\t\t\t<h5 class=\"elementor-heading-title elementor-size-default\">El mejor rendimiento de su clase<\/h5>\t\t\t\t<\/div>\n\t\t\t\t<div class=\"elementor-element elementor-element-dbc4414 elementor-widget elementor-widget-text-editor\" data-id=\"dbc4414\" data-element_type=\"widget\" data-e-type=\"widget\" data-widget_type=\"text-editor.default\">\n\t\t\t\t\t\t\t\t\t<p>Cuando se trata de rendimiento, no nos conformamos con menos que lo mejor. Trabajamos duro para cumplir nuestros compromisos y asegurarnos de satisfacer las expectativas de nuestros clientes. No nos conformamos con lo suficiente y nos esforzamos continuamente por mejorar.<\/p>\t\t\t\t\t\t\t\t<\/div>\n\t\t\t\t<\/div>\n\t\t<div class=\"elementor-element elementor-element-9440e5a e-con-full e-flex elementor-invisible e-con e-child\" data-id=\"9440e5a\" data-element_type=\"container\" data-e-type=\"container\" data-settings=\"{&quot;animation&quot;:&quot;fadeInUp&quot;}\">\n\t\t\t\t<div class=\"elementor-element elementor-element-33f55a4 elementor-widget elementor-widget-heading\" data-id=\"33f55a4\" data-element_type=\"widget\" data-e-type=\"widget\" data-widget_type=\"heading.default\">\n\t\t\t\t\t<h5 class=\"elementor-heading-title elementor-size-default\">Siempre hacia adelante<\/h5>\t\t\t\t<\/div>\n\t\t\t\t<div class=\"elementor-element elementor-element-c93f788 elementor-widget elementor-widget-text-editor\" data-id=\"c93f788\" data-element_type=\"widget\" data-e-type=\"widget\" data-widget_type=\"text-editor.default\">\n\t\t\t\t\t\t\t\t\t<p>Nuestra visi\u00f3n del futuro se basa en la idea de que disponer de una gran tecnolog\u00eda es s\u00f3lo el punto de partida. Con nuestros clientes y socios, superamos los l\u00edmites de la innovaci\u00f3n y construimos soluciones para impulsar los motores del ma\u00f1ana.<\/p>\t\t\t\t\t\t\t\t<\/div>\n\t\t\t\t<\/div>\n\t\t<div class=\"elementor-element elementor-element-650d393 e-con-full e-flex elementor-invisible e-con e-child\" data-id=\"650d393\" data-element_type=\"container\" data-e-type=\"container\" data-settings=\"{&quot;animation&quot;:&quot;fadeInRight&quot;}\">\n\t\t\t\t<div class=\"elementor-element elementor-element-f3841e9 elementor-widget elementor-widget-heading\" data-id=\"f3841e9\" data-element_type=\"widget\" data-e-type=\"widget\" data-widget_type=\"heading.default\">\n\t\t\t\t\t<h5 class=\"elementor-heading-title elementor-size-default\">Capacitar a las personas<\/h5>\t\t\t\t<\/div>\n\t\t\t\t<div class=\"elementor-element elementor-element-8497ea6 elementor-widget elementor-widget-text-editor\" data-id=\"8497ea6\" data-element_type=\"widget\" data-e-type=\"widget\" data-widget_type=\"text-editor.default\">\n\t\t\t\t\t\t\t\t\t<p>Damos a nuestra gente la posibilidad de superar los l\u00edmites y cuestionar siempre lo posible. Cuando la gente est\u00e1 capacitada para encontrar sus propios caminos y para tomar decisiones y cometer errores, nuestra empresa est\u00e1 en su mejor momento. Nuestra visi\u00f3n del futuro requiere ideas frescas para hacer que una gran tecnolog\u00eda sea a\u00fan mayor.<\/p>\t\t\t\t\t\t\t\t<\/div>\n\t\t\t\t<\/div>\n\t\t\t\t\t<\/div>\n\t\t\t\t<\/div>\n\t\t\t\t<\/div>","protected":false},"excerpt":{"rendered":"<p>Engineered to Excel Our people make Stanadyne the company we are. We stand out from others not only because we build innovative fuel systems, but because of our culture. We are a passionate collective of the best and brightest, and believe that innovative solutions derive from the power of collaboration and a diversified workforce. We&hellip;<\/p>","protected":false},"author":13,"featured_media":0,"parent":0,"menu_order":13,"comment_status":"closed","ping_status":"closed","template":"","meta":{"footnotes":""},"class_list":["post-205","page","type-page","status-publish","hentry"],"yoast_head":"<!-- This site is optimized with the Yoast SEO plugin v27.3 - https:\/\/yoast.com\/product\/yoast-seo-wordpress\/ -->\n<title>Our Culture - Stanadyne<\/title>\n<meta name=\"description\" content=\"Our people make Stanadyne the company we are. We stand out from others not only because we build innovative fuel systems, but because of our culture.\" \/>\n<meta name=\"robots\" content=\"index, follow, max-snippet:-1, max-image-preview:large, max-video-preview:-1\" \/>\n<link rel=\"canonical\" href=\"https:\/\/www.stanadyne.com\/es\/our-culture\/\" \/>\n<meta property=\"og:locale\" content=\"es_ES\" \/>\n<meta property=\"og:type\" content=\"article\" \/>\n<meta property=\"og:title\" content=\"Our Culture - Stanadyne\" \/>\n<meta property=\"og:description\" content=\"Our people make Stanadyne the company we are. We stand out from others not only because we build innovative fuel systems, but because of our culture.\" \/>\n<meta property=\"og:url\" content=\"https:\/\/www.stanadyne.com\/es\/our-culture\/\" \/>\n<meta property=\"og:site_name\" content=\"Stanadyne\" \/>\n<meta property=\"article:publisher\" content=\"https:\/\/www.facebook.com\/Stanadyne\" \/>\n<meta property=\"article:modified_time\" content=\"2026-01-30T12:46:22+00:00\" \/>\n<meta property=\"og:image\" content=\"https:\/\/www.stanadyne.com\/wp-content\/uploads\/2025\/11\/corporate-culture-page-1024x569.webp\" \/>\n<meta name=\"twitter:card\" content=\"summary_large_image\" \/>\n<meta name=\"twitter:site\" content=\"@StanadyneGlobal\" \/>\n<meta name=\"twitter:label1\" content=\"Tiempo de lectura\" \/>\n\t<meta name=\"twitter:data1\" content=\"1 minuto\" \/>\n<script type=\"application\/ld+json\" class=\"yoast-schema-graph\">{\"@context\":\"https:\\\/\\\/schema.org\",\"@graph\":[{\"@type\":\"WebPage\",\"@id\":\"https:\\\/\\\/www.stanadyne.com\\\/our-culture\\\/\",\"url\":\"https:\\\/\\\/www.stanadyne.com\\\/our-culture\\\/\",\"name\":\"Our Culture - Stanadyne\",\"isPartOf\":{\"@id\":\"https:\\\/\\\/www.stanadyne.com\\\/#website\"},\"primaryImageOfPage\":{\"@id\":\"https:\\\/\\\/www.stanadyne.com\\\/our-culture\\\/#primaryimage\"},\"image\":{\"@id\":\"https:\\\/\\\/www.stanadyne.com\\\/our-culture\\\/#primaryimage\"},\"thumbnailUrl\":\"https:\\\/\\\/www.stanadyne.com\\\/wp-content\\\/uploads\\\/2025\\\/11\\\/corporate-culture-page-1024x569.webp\",\"datePublished\":\"2025-11-02T01:40:36+00:00\",\"dateModified\":\"2026-01-30T12:46:22+00:00\",\"description\":\"Our people make Stanadyne the company we are. We stand out from others not only because we build innovative fuel systems, but because of our culture.\",\"breadcrumb\":{\"@id\":\"https:\\\/\\\/www.stanadyne.com\\\/our-culture\\\/#breadcrumb\"},\"inLanguage\":\"es\",\"potentialAction\":[{\"@type\":\"ReadAction\",\"target\":[\"https:\\\/\\\/www.stanadyne.com\\\/our-culture\\\/\"]}]},{\"@type\":\"ImageObject\",\"inLanguage\":\"es\",\"@id\":\"https:\\\/\\\/www.stanadyne.com\\\/our-culture\\\/#primaryimage\",\"url\":\"https:\\\/\\\/www.stanadyne.com\\\/wp-content\\\/uploads\\\/2025\\\/11\\\/corporate-culture-page-1024x569.webp\",\"contentUrl\":\"https:\\\/\\\/www.stanadyne.com\\\/wp-content\\\/uploads\\\/2025\\\/11\\\/corporate-culture-page-1024x569.webp\"},{\"@type\":\"BreadcrumbList\",\"@id\":\"https:\\\/\\\/www.stanadyne.com\\\/our-culture\\\/#breadcrumb\",\"itemListElement\":[{\"@type\":\"ListItem\",\"position\":1,\"name\":\"Home\",\"item\":\"https:\\\/\\\/www.stanadyne.com\\\/\"},{\"@type\":\"ListItem\",\"position\":2,\"name\":\"Our Culture\"}]},{\"@type\":\"WebSite\",\"@id\":\"https:\\\/\\\/www.stanadyne.com\\\/#website\",\"url\":\"https:\\\/\\\/www.stanadyne.com\\\/\",\"name\":\"Stanadyne\",\"description\":\"Accelerating Engine Innovation\",\"publisher\":{\"@id\":\"https:\\\/\\\/www.stanadyne.com\\\/#organization\"},\"potentialAction\":[{\"@type\":\"SearchAction\",\"target\":{\"@type\":\"EntryPoint\",\"urlTemplate\":\"https:\\\/\\\/www.stanadyne.com\\\/?s={search_term_string}\"},\"query-input\":{\"@type\":\"PropertyValueSpecification\",\"valueRequired\":true,\"valueName\":\"search_term_string\"}}],\"inLanguage\":\"es\"},{\"@type\":\"Organization\",\"@id\":\"https:\\\/\\\/www.stanadyne.com\\\/#organization\",\"name\":\"Stanadyne\",\"url\":\"https:\\\/\\\/www.stanadyne.com\\\/\",\"logo\":{\"@type\":\"ImageObject\",\"inLanguage\":\"es\",\"@id\":\"https:\\\/\\\/www.stanadyne.com\\\/#\\\/schema\\\/logo\\\/image\\\/\",\"url\":\"https:\\\/\\\/www.stanadyne.com\\\/wp-content\\\/uploads\\\/2016\\\/07\\\/amalgamations-main.jpg\",\"contentUrl\":\"https:\\\/\\\/www.stanadyne.com\\\/wp-content\\\/uploads\\\/2016\\\/07\\\/amalgamations-main.jpg\",\"width\":711,\"height\":328,\"caption\":\"Stanadyne\"},\"image\":{\"@id\":\"https:\\\/\\\/www.stanadyne.com\\\/#\\\/schema\\\/logo\\\/image\\\/\"},\"sameAs\":[\"https:\\\/\\\/www.facebook.com\\\/Stanadyne\",\"https:\\\/\\\/x.com\\\/StanadyneGlobal\",\"https:\\\/\\\/www.linkedin.com\\\/company\\\/53299?trk=tyah&amp;amp;amp;amp;trkInfo=tarId:1415624915381,tas:stanadyne,idx:2-1-4\"]}]}<\/script>\n<!-- \/ Yoast SEO plugin. -->","yoast_head_json":{"title":"Nuestra cultura - Stanadyne","description":"Nuestra gente hace de Stanadyne la empresa que somos. Nos distinguimos de los dem\u00e1s no solo por construir sistemas de combustible innovadores, sino por nuestra cultura.","robots":{"index":"index","follow":"follow","max-snippet":"max-snippet:-1","max-image-preview":"max-image-preview:large","max-video-preview":"max-video-preview:-1"},"canonical":"https:\/\/www.stanadyne.com\/es\/our-culture\/","og_locale":"es_ES","og_type":"article","og_title":"Our Culture - Stanadyne","og_description":"Our people make Stanadyne the company we are. We stand out from others not only because we build innovative fuel systems, but because of our culture.","og_url":"https:\/\/www.stanadyne.com\/es\/our-culture\/","og_site_name":"Stanadyne","article_publisher":"https:\/\/www.facebook.com\/Stanadyne","article_modified_time":"2026-01-30T12:46:22+00:00","og_image":[{"url":"https:\/\/www.stanadyne.com\/wp-content\/uploads\/2025\/11\/corporate-culture-page-1024x569.webp","type":"","width":"","height":""}],"twitter_card":"summary_large_image","twitter_site":"@StanadyneGlobal","twitter_misc":{"Tiempo de lectura":"1 minuto"},"schema":{"@context":"https:\/\/schema.org","@graph":[{"@type":"WebPage","@id":"https:\/\/www.stanadyne.com\/our-culture\/","url":"https:\/\/www.stanadyne.com\/our-culture\/","name":"Nuestra cultura - Stanadyne","isPartOf":{"@id":"https:\/\/www.stanadyne.com\/#website"},"primaryImageOfPage":{"@id":"https:\/\/www.stanadyne.com\/our-culture\/#primaryimage"},"image":{"@id":"https:\/\/www.stanadyne.com\/our-culture\/#primaryimage"},"thumbnailUrl":"https:\/\/www.stanadyne.com\/wp-content\/uploads\/2025\/11\/corporate-culture-page-1024x569.webp","datePublished":"2025-11-02T01:40:36+00:00","dateModified":"2026-01-30T12:46:22+00:00","description":"Nuestra gente hace de Stanadyne la empresa que somos. Nos distinguimos de los dem\u00e1s no solo por construir sistemas de combustible innovadores, sino por nuestra cultura.","breadcrumb":{"@id":"https:\/\/www.stanadyne.com\/our-culture\/#breadcrumb"},"inLanguage":"es","potentialAction":[{"@type":"ReadAction","target":["https:\/\/www.stanadyne.com\/our-culture\/"]}]},{"@type":"ImageObject","inLanguage":"es","@id":"https:\/\/www.stanadyne.com\/our-culture\/#primaryimage","url":"https:\/\/www.stanadyne.com\/wp-content\/uploads\/2025\/11\/corporate-culture-page-1024x569.webp","contentUrl":"https:\/\/www.stanadyne.com\/wp-content\/uploads\/2025\/11\/corporate-culture-page-1024x569.webp"},{"@type":"BreadcrumbList","@id":"https:\/\/www.stanadyne.com\/our-culture\/#breadcrumb","itemListElement":[{"@type":"ListItem","position":1,"name":"Home","item":"https:\/\/www.stanadyne.com\/"},{"@type":"ListItem","position":2,"name":"Our Culture"}]},{"@type":"WebSite","@id":"https:\/\/www.stanadyne.com\/#website","url":"https:\/\/www.stanadyne.com\/","name":"Stanadyne","description":"Acelerar la innovaci\u00f3n en motores","publisher":{"@id":"https:\/\/www.stanadyne.com\/#organization"},"potentialAction":[{"@type":"SearchAction","target":{"@type":"EntryPoint","urlTemplate":"https:\/\/www.stanadyne.com\/?s={search_term_string}"},"query-input":{"@type":"PropertyValueSpecification","valueRequired":true,"valueName":"search_term_string"}}],"inLanguage":"es"},{"@type":"Organization","@id":"https:\/\/www.stanadyne.com\/#organization","name":"Stanadyne","url":"https:\/\/www.stanadyne.com\/","logo":{"@type":"ImageObject","inLanguage":"es","@id":"https:\/\/www.stanadyne.com\/#\/schema\/logo\/image\/","url":"https:\/\/www.stanadyne.com\/wp-content\/uploads\/2016\/07\/amalgamations-main.jpg","contentUrl":"https:\/\/www.stanadyne.com\/wp-content\/uploads\/2016\/07\/amalgamations-main.jpg","width":711,"height":328,"caption":"Stanadyne"},"image":{"@id":"https:\/\/www.stanadyne.com\/#\/schema\/logo\/image\/"},"sameAs":["https:\/\/www.facebook.com\/Stanadyne","https:\/\/x.com\/StanadyneGlobal","https:\/\/www.linkedin.com\/company\/53299?trk=tyah&amp;amp;amp;amp;trkInfo=tarId:1415624915381,tas:stanadyne,idx:2-1-4"]}]}},"_links":{"self":[{"href":"https:\/\/www.stanadyne.com\/es\/wp-json\/wp\/v2\/pages\/205","targetHints":{"allow":["GET"]}}],"collection":[{"href":"https:\/\/www.stanadyne.com\/es\/wp-json\/wp\/v2\/pages"}],"about":[{"href":"https:\/\/www.stanadyne.com\/es\/wp-json\/wp\/v2\/types\/page"}],"author":[{"embeddable":true,"href":"https:\/\/www.stanadyne.com\/es\/wp-json\/wp\/v2\/users\/13"}],"replies":[{"embeddable":true,"href":"https:\/\/www.stanadyne.com\/es\/wp-json\/wp\/v2\/comments?post=205"}],"version-history":[{"count":50,"href":"https:\/\/www.stanadyne.com\/es\/wp-json\/wp\/v2\/pages\/205\/revisions"}],"predecessor-version":[{"id":43790,"href":"https:\/\/www.stanadyne.com\/es\/wp-json\/wp\/v2\/pages\/205\/revisions\/43790"}],"wp:attachment":[{"href":"https:\/\/www.stanadyne.com\/es\/wp-json\/wp\/v2\/media?parent=205"}],"curies":[{"name":"wp","href":"https:\/\/api.w.org\/{rel}","templated":true}]}}