{"id":41883,"date":"2025-11-01T19:58:25","date_gmt":"2025-11-01T23:58:25","guid":{"rendered":"https:\/\/www.stanadyne.com\/?page_id=41883"},"modified":"2026-01-29T18:14:20","modified_gmt":"2026-01-29T23:14:20","slug":"passenger-vehicles","status":"publish","type":"page","link":"https:\/\/www.stanadyne.com\/de\/on-road\/passenger-vehicles\/","title":{"rendered":"Personenkraftwagen"},"content":{"rendered":"<div data-elementor-type=\"wp-page\" data-elementor-id=\"41883\" class=\"elementor elementor-41883\" data-elementor-post-type=\"page\">\n\t\t\t\t<div class=\"elementor-element elementor-element-d595f59 e-flex e-con-boxed elementor-invisible e-con e-parent\" data-id=\"d595f59\" data-element_type=\"container\" data-e-type=\"container\" data-settings=\"{&quot;background_background&quot;:&quot;classic&quot;,&quot;animation&quot;:&quot;fadeInUp&quot;}\">\n\t\t\t\t\t<div class=\"e-con-inner\">\n\t\t\t\t<div class=\"elementor-element elementor-element-ed1bb4d elementor-widget elementor-widget-heading\" data-id=\"ed1bb4d\" data-element_type=\"widget\" data-e-type=\"widget\" data-widget_type=\"heading.default\">\n\t\t\t\t\t<h4 class=\"elementor-heading-title elementor-size-default\">Kompakte Leistung<\/h4>\t\t\t\t<\/div>\n\t\t\t\t<div class=\"elementor-element elementor-element-eec8fb7 elementor-widget elementor-widget-text-editor\" data-id=\"eec8fb7\" data-element_type=\"widget\" data-e-type=\"widget\" data-widget_type=\"text-editor.default\">\n\t\t\t\t\t\t\t\t\tVom kompakten Kleinwagen bis zur Mittelklasse-Limousine und dar\u00fcber hinaus suchen die Verbraucher nach immer effizienteren, emissionsarmen Fahrzeugen. Stanadyne GDI-Pumpen unterst\u00fctzen die Einhaltung der strengsten Emissionsnormen und sind mit einer klassenf\u00fchrenden Flexibilit\u00e4t bei der Verpackung f\u00fcr Ihren Motor ausgelegt.\t\t\t\t\t\t\t\t<\/div>\n\t\t\t\t\t<\/div>\n\t\t\t\t<\/div>\n\t\t<div class=\"elementor-element elementor-element-c54afc1 e-flex e-con-boxed elementor-invisible e-con e-parent\" data-id=\"c54afc1\" data-element_type=\"container\" data-e-type=\"container\" data-settings=\"{&quot;animation&quot;:&quot;fadeInUp&quot;}\">\n\t\t\t\t\t<div class=\"e-con-inner\">\n\t\t\t\t<div class=\"elementor-element elementor-element-cecd4f2 elementor-widget elementor-widget-heading\" data-id=\"cecd4f2\" data-element_type=\"widget\" data-e-type=\"widget\" data-widget_type=\"heading.default\">\n\t\t\t\t\t<h3 class=\"elementor-heading-title elementor-size-default\">Verwandte Produkte<\/h3>\t\t\t\t<\/div>\n\t\t\t\t\t<\/div>\n\t\t\t\t<\/div>\n\t\t<div class=\"elementor-element elementor-element-d6f869f e-flex e-con-boxed e-con e-parent\" data-id=\"d6f869f\" data-element_type=\"container\" data-e-type=\"container\" id=\"imageboxpic\">\n\t\t\t\t\t<div class=\"e-con-inner\">\n\t\t<a class=\"elementor-element elementor-element-8ee303c e-con-full e-flex e-con e-child\" data-id=\"8ee303c\" data-element_type=\"container\" data-e-type=\"container\" href=\"https:\/\/www.stanadyne.com\/de\/sp550-350\/\">\n\t\t\t\t<div class=\"elementor-element elementor-element-a6270ea elementor-position-top elementor-invisible elementor-widget elementor-widget-image-box\" data-id=\"a6270ea\" data-element_type=\"widget\" data-e-type=\"widget\" data-settings=\"{&quot;_animation&quot;:&quot;fadeInLeft&quot;}\" data-widget_type=\"image-box.default\">\n\t\t\t\t\t<div class=\"elementor-image-box-wrapper\"><figure class=\"elementor-image-box-img\"><img fetchpriority=\"high\" decoding=\"async\" width=\"575\" height=\"630\" src=\"https:\/\/www.stanadyne.com\/wp-content\/uploads\/2016\/05\/featured-550-new-575x630.png\" class=\"elementor-animation-shrink attachment-full size-full wp-image-1997\" alt=\"\" srcset=\"https:\/\/www.stanadyne.com\/wp-content\/uploads\/2016\/05\/featured-550-new.png 575w, https:\/\/www.stanadyne.com\/wp-content\/uploads\/2016\/05\/featured-550-new-274x300.png 274w\" sizes=\"(max-width: 575px) 100vw, 575px\" \/><\/figure><div class=\"elementor-image-box-content\"><h3 class=\"elementor-image-box-title\">SP550-350<\/h3><\/div><\/div>\t\t\t\t<\/div>\n\t\t\t\t<\/a>\n\t\t<a class=\"elementor-element elementor-element-f9e77a1 e-con-full e-flex e-con e-child\" data-id=\"f9e77a1\" data-element_type=\"container\" data-e-type=\"container\" href=\"https:\/\/www.stanadyne.com\/de\/sp1000-350\/\">\n\t\t\t\t<div class=\"elementor-element elementor-element-32b8491 elementor-position-top elementor-invisible elementor-widget elementor-widget-image-box\" data-id=\"32b8491\" data-element_type=\"widget\" data-e-type=\"widget\" data-settings=\"{&quot;_animation&quot;:&quot;fadeInUp&quot;}\" data-widget_type=\"image-box.default\">\n\t\t\t\t\t<div class=\"elementor-image-box-wrapper\"><figure class=\"elementor-image-box-img\"><img decoding=\"async\" width=\"561\" height=\"620\" src=\"https:\/\/www.stanadyne.com\/wp-content\/uploads\/2016\/07\/1000-NEW-featured.png\" class=\"elementor-animation-shrink attachment-full size-full wp-image-2177\" alt=\"\" srcset=\"https:\/\/www.stanadyne.com\/wp-content\/uploads\/2016\/07\/1000-NEW-featured.png 561w, https:\/\/www.stanadyne.com\/wp-content\/uploads\/2016\/07\/1000-NEW-featured-271x300.png 271w\" sizes=\"(max-width: 561px) 100vw, 561px\" \/><\/figure><div class=\"elementor-image-box-content\"><h3 class=\"elementor-image-box-title\">SP1000-350<\/h3><\/div><\/div>\t\t\t\t<\/div>\n\t\t\t\t<\/a>\n\t\t<a class=\"elementor-element elementor-element-4c5582b e-con-full e-flex e-con e-child\" data-id=\"4c5582b\" data-element_type=\"container\" data-e-type=\"container\" href=\"https:\/\/www.stanadyne.com\/de\/sp1250-200\/\">\n\t\t\t\t<div class=\"elementor-element elementor-element-b747f48 elementor-position-top elementor-invisible elementor-widget elementor-widget-image-box\" data-id=\"b747f48\" data-element_type=\"widget\" data-e-type=\"widget\" data-settings=\"{&quot;_animation&quot;:&quot;fadeInRight&quot;}\" data-widget_type=\"image-box.default\">\n\t\t\t\t\t<div class=\"elementor-image-box-wrapper\"><figure class=\"elementor-image-box-img\"><img decoding=\"async\" width=\"561\" height=\"620\" src=\"https:\/\/www.stanadyne.com\/wp-content\/uploads\/2016\/08\/1250-NEW-featured.png\" class=\"elementor-animation-shrink attachment-full size-full wp-image-2173\" alt=\"Benzindirekteinspritzung SP1250-200\" srcset=\"https:\/\/www.stanadyne.com\/wp-content\/uploads\/2016\/08\/1250-NEW-featured.png 561w, https:\/\/www.stanadyne.com\/wp-content\/uploads\/2016\/08\/1250-NEW-featured-271x300.png 271w\" sizes=\"(max-width: 561px) 100vw, 561px\" \/><\/figure><div class=\"elementor-image-box-content\"><h3 class=\"elementor-image-box-title\">SP1250-200<\/h3><\/div><\/div>\t\t\t\t<\/div>\n\t\t\t\t<\/a>\n\t\t\t\t\t<\/div>\n\t\t\t\t<\/div>\n\t\t\t\t<\/div>","protected":false},"excerpt":{"rendered":"<p>Compact Performance From compact economy cars to mid-size sedans and beyond, consumers are looking for increasingly efficient, low emission vehicles. Stanadyne GDI pumps support compliance with the most stringent emissions standards and are designed with class leading packaging flexibility to fit your engine. Related Products SP550-350 SP1000-350 SP1250-200<\/p>","protected":false},"author":13,"featured_media":0,"parent":41416,"menu_order":0,"comment_status":"closed","ping_status":"closed","template":"","meta":{"footnotes":""},"class_list":["post-41883","page","type-page","status-publish","hentry"],"yoast_head":"<!-- This site is optimized with the Yoast SEO plugin v27.4 - https:\/\/yoast.com\/product\/yoast-seo-wordpress\/ -->\n<title>Passenger Vehicles - Stanadyne<\/title>\n<meta name=\"description\" content=\"Stanadyne GDI pumps for passenger vehicles support compliance with the most stringent emissions standards and are designed to fit your engine\" \/>\n<meta name=\"robots\" content=\"index, follow, max-snippet:-1, max-image-preview:large, max-video-preview:-1\" \/>\n<link rel=\"canonical\" href=\"https:\/\/www.stanadyne.com\/de\/on-road\/passenger-vehicles\/\" \/>\n<meta property=\"og:locale\" content=\"de_DE\" \/>\n<meta property=\"og:type\" content=\"article\" \/>\n<meta property=\"og:title\" content=\"Passenger Vehicles - Stanadyne\" \/>\n<meta property=\"og:description\" content=\"Stanadyne GDI pumps for passenger vehicles support compliance with the most stringent emissions standards and are designed to fit your engine\" \/>\n<meta property=\"og:url\" content=\"https:\/\/www.stanadyne.com\/de\/on-road\/passenger-vehicles\/\" \/>\n<meta property=\"og:site_name\" content=\"Stanadyne\" \/>\n<meta property=\"article:publisher\" content=\"https:\/\/www.facebook.com\/Stanadyne\" \/>\n<meta property=\"article:modified_time\" content=\"2026-01-29T23:14:20+00:00\" \/>\n<meta property=\"og:image\" content=\"https:\/\/www.stanadyne.com\/wp-content\/uploads\/2016\/05\/featured-550-new-575x630.png\" \/>\n<meta name=\"twitter:card\" content=\"summary_large_image\" \/>\n<meta name=\"twitter:site\" content=\"@StanadyneGlobal\" \/>\n<script type=\"application\/ld+json\" class=\"yoast-schema-graph\">{\"@context\":\"https:\\\/\\\/schema.org\",\"@graph\":[{\"@type\":\"WebPage\",\"@id\":\"https:\\\/\\\/www.stanadyne.com\\\/on-road\\\/passenger-vehicles\\\/\",\"url\":\"https:\\\/\\\/www.stanadyne.com\\\/on-road\\\/passenger-vehicles\\\/\",\"name\":\"Passenger Vehicles - Stanadyne\",\"isPartOf\":{\"@id\":\"https:\\\/\\\/www.stanadyne.com\\\/#website\"},\"primaryImageOfPage\":{\"@id\":\"https:\\\/\\\/www.stanadyne.com\\\/on-road\\\/passenger-vehicles\\\/#primaryimage\"},\"image\":{\"@id\":\"https:\\\/\\\/www.stanadyne.com\\\/on-road\\\/passenger-vehicles\\\/#primaryimage\"},\"thumbnailUrl\":\"https:\\\/\\\/www.stanadyne.com\\\/wp-content\\\/uploads\\\/2016\\\/05\\\/featured-550-new-575x630.png\",\"datePublished\":\"2025-11-01T23:58:25+00:00\",\"dateModified\":\"2026-01-29T23:14:20+00:00\",\"description\":\"Stanadyne GDI pumps for passenger vehicles support compliance with the most stringent emissions standards and are designed to fit your engine\",\"breadcrumb\":{\"@id\":\"https:\\\/\\\/www.stanadyne.com\\\/on-road\\\/passenger-vehicles\\\/#breadcrumb\"},\"inLanguage\":\"de\",\"potentialAction\":[{\"@type\":\"ReadAction\",\"target\":[\"https:\\\/\\\/www.stanadyne.com\\\/on-road\\\/passenger-vehicles\\\/\"]}]},{\"@type\":\"ImageObject\",\"inLanguage\":\"de\",\"@id\":\"https:\\\/\\\/www.stanadyne.com\\\/on-road\\\/passenger-vehicles\\\/#primaryimage\",\"url\":\"https:\\\/\\\/www.stanadyne.com\\\/wp-content\\\/uploads\\\/2016\\\/05\\\/featured-550-new-575x630.png\",\"contentUrl\":\"https:\\\/\\\/www.stanadyne.com\\\/wp-content\\\/uploads\\\/2016\\\/05\\\/featured-550-new-575x630.png\"},{\"@type\":\"BreadcrumbList\",\"@id\":\"https:\\\/\\\/www.stanadyne.com\\\/on-road\\\/passenger-vehicles\\\/#breadcrumb\",\"itemListElement\":[{\"@type\":\"ListItem\",\"position\":1,\"name\":\"Home\",\"item\":\"https:\\\/\\\/www.stanadyne.com\\\/\"},{\"@type\":\"ListItem\",\"position\":2,\"name\":\"On-Road\",\"item\":\"https:\\\/\\\/www.stanadyne.com\\\/on-road\\\/\"},{\"@type\":\"ListItem\",\"position\":3,\"name\":\"Passenger Vehicles\"}]},{\"@type\":\"WebSite\",\"@id\":\"https:\\\/\\\/www.stanadyne.com\\\/#website\",\"url\":\"https:\\\/\\\/www.stanadyne.com\\\/\",\"name\":\"Stanadyne\",\"description\":\"Accelerating Engine Innovation\",\"publisher\":{\"@id\":\"https:\\\/\\\/www.stanadyne.com\\\/#organization\"},\"potentialAction\":[{\"@type\":\"SearchAction\",\"target\":{\"@type\":\"EntryPoint\",\"urlTemplate\":\"https:\\\/\\\/www.stanadyne.com\\\/?s={search_term_string}\"},\"query-input\":{\"@type\":\"PropertyValueSpecification\",\"valueRequired\":true,\"valueName\":\"search_term_string\"}}],\"inLanguage\":\"de\"},{\"@type\":\"Organization\",\"@id\":\"https:\\\/\\\/www.stanadyne.com\\\/#organization\",\"name\":\"Stanadyne\",\"url\":\"https:\\\/\\\/www.stanadyne.com\\\/\",\"logo\":{\"@type\":\"ImageObject\",\"inLanguage\":\"de\",\"@id\":\"https:\\\/\\\/www.stanadyne.com\\\/#\\\/schema\\\/logo\\\/image\\\/\",\"url\":\"https:\\\/\\\/www.stanadyne.com\\\/wp-content\\\/uploads\\\/2016\\\/07\\\/amalgamations-main.jpg\",\"contentUrl\":\"https:\\\/\\\/www.stanadyne.com\\\/wp-content\\\/uploads\\\/2016\\\/07\\\/amalgamations-main.jpg\",\"width\":711,\"height\":328,\"caption\":\"Stanadyne\"},\"image\":{\"@id\":\"https:\\\/\\\/www.stanadyne.com\\\/#\\\/schema\\\/logo\\\/image\\\/\"},\"sameAs\":[\"https:\\\/\\\/www.facebook.com\\\/Stanadyne\",\"https:\\\/\\\/x.com\\\/StanadyneGlobal\",\"https:\\\/\\\/www.linkedin.com\\\/company\\\/53299?trk=tyah&amp;amp;amp;amp;trkInfo=tarId:1415624915381,tas:stanadyne,idx:2-1-4\"]}]}<\/script>\n<!-- \/ Yoast SEO plugin. -->","yoast_head_json":{"title":"Personenkraftwagen - Stanadyne","description":"Stanadyne GDI pumps for passenger vehicles support compliance with the most stringent emissions standards and are designed to fit your engine","robots":{"index":"index","follow":"follow","max-snippet":"max-snippet:-1","max-image-preview":"max-image-preview:large","max-video-preview":"max-video-preview:-1"},"canonical":"https:\/\/www.stanadyne.com\/de\/on-road\/passenger-vehicles\/","og_locale":"de_DE","og_type":"article","og_title":"Passenger Vehicles - Stanadyne","og_description":"Stanadyne GDI pumps for passenger vehicles support compliance with the most stringent emissions standards and are designed to fit your engine","og_url":"https:\/\/www.stanadyne.com\/de\/on-road\/passenger-vehicles\/","og_site_name":"Stanadyne","article_publisher":"https:\/\/www.facebook.com\/Stanadyne","article_modified_time":"2026-01-29T23:14:20+00:00","og_image":[{"url":"https:\/\/www.stanadyne.com\/wp-content\/uploads\/2016\/05\/featured-550-new-575x630.png","type":"","width":"","height":""}],"twitter_card":"summary_large_image","twitter_site":"@StanadyneGlobal","schema":{"@context":"https:\/\/schema.org","@graph":[{"@type":"WebPage","@id":"https:\/\/www.stanadyne.com\/on-road\/passenger-vehicles\/","url":"https:\/\/www.stanadyne.com\/on-road\/passenger-vehicles\/","name":"Personenkraftwagen - Stanadyne","isPartOf":{"@id":"https:\/\/www.stanadyne.com\/#website"},"primaryImageOfPage":{"@id":"https:\/\/www.stanadyne.com\/on-road\/passenger-vehicles\/#primaryimage"},"image":{"@id":"https:\/\/www.stanadyne.com\/on-road\/passenger-vehicles\/#primaryimage"},"thumbnailUrl":"https:\/\/www.stanadyne.com\/wp-content\/uploads\/2016\/05\/featured-550-new-575x630.png","datePublished":"2025-11-01T23:58:25+00:00","dateModified":"2026-01-29T23:14:20+00:00","description":"Stanadyne GDI pumps for passenger vehicles support compliance with the most stringent emissions standards and are designed to fit your engine","breadcrumb":{"@id":"https:\/\/www.stanadyne.com\/on-road\/passenger-vehicles\/#breadcrumb"},"inLanguage":"de","potentialAction":[{"@type":"ReadAction","target":["https:\/\/www.stanadyne.com\/on-road\/passenger-vehicles\/"]}]},{"@type":"ImageObject","inLanguage":"de","@id":"https:\/\/www.stanadyne.com\/on-road\/passenger-vehicles\/#primaryimage","url":"https:\/\/www.stanadyne.com\/wp-content\/uploads\/2016\/05\/featured-550-new-575x630.png","contentUrl":"https:\/\/www.stanadyne.com\/wp-content\/uploads\/2016\/05\/featured-550-new-575x630.png"},{"@type":"BreadcrumbList","@id":"https:\/\/www.stanadyne.com\/on-road\/passenger-vehicles\/#breadcrumb","itemListElement":[{"@type":"ListItem","position":1,"name":"Home","item":"https:\/\/www.stanadyne.com\/"},{"@type":"ListItem","position":2,"name":"On-Road","item":"https:\/\/www.stanadyne.com\/on-road\/"},{"@type":"ListItem","position":3,"name":"Passenger Vehicles"}]},{"@type":"WebSite","@id":"https:\/\/www.stanadyne.com\/#website","url":"https:\/\/www.stanadyne.com\/","name":"Stanadyne","description":"Beschleunigung der Motorinnovation","publisher":{"@id":"https:\/\/www.stanadyne.com\/#organization"},"potentialAction":[{"@type":"SearchAction","target":{"@type":"EntryPoint","urlTemplate":"https:\/\/www.stanadyne.com\/?s={search_term_string}"},"query-input":{"@type":"PropertyValueSpecification","valueRequired":true,"valueName":"search_term_string"}}],"inLanguage":"de"},{"@type":"Organization","@id":"https:\/\/www.stanadyne.com\/#organization","name":"Stanadyne","url":"https:\/\/www.stanadyne.com\/","logo":{"@type":"ImageObject","inLanguage":"de","@id":"https:\/\/www.stanadyne.com\/#\/schema\/logo\/image\/","url":"https:\/\/www.stanadyne.com\/wp-content\/uploads\/2016\/07\/amalgamations-main.jpg","contentUrl":"https:\/\/www.stanadyne.com\/wp-content\/uploads\/2016\/07\/amalgamations-main.jpg","width":711,"height":328,"caption":"Stanadyne"},"image":{"@id":"https:\/\/www.stanadyne.com\/#\/schema\/logo\/image\/"},"sameAs":["https:\/\/www.facebook.com\/Stanadyne","https:\/\/x.com\/StanadyneGlobal","https:\/\/www.linkedin.com\/company\/53299?trk=tyah&amp;amp;amp;amp;trkInfo=tarId:1415624915381,tas:stanadyne,idx:2-1-4"]}]}},"_links":{"self":[{"href":"https:\/\/www.stanadyne.com\/de\/wp-json\/wp\/v2\/pages\/41883","targetHints":{"allow":["GET"]}}],"collection":[{"href":"https:\/\/www.stanadyne.com\/de\/wp-json\/wp\/v2\/pages"}],"about":[{"href":"https:\/\/www.stanadyne.com\/de\/wp-json\/wp\/v2\/types\/page"}],"author":[{"embeddable":true,"href":"https:\/\/www.stanadyne.com\/de\/wp-json\/wp\/v2\/users\/13"}],"replies":[{"embeddable":true,"href":"https:\/\/www.stanadyne.com\/de\/wp-json\/wp\/v2\/comments?post=41883"}],"version-history":[{"count":14,"href":"https:\/\/www.stanadyne.com\/de\/wp-json\/wp\/v2\/pages\/41883\/revisions"}],"predecessor-version":[{"id":43751,"href":"https:\/\/www.stanadyne.com\/de\/wp-json\/wp\/v2\/pages\/41883\/revisions\/43751"}],"up":[{"embeddable":true,"href":"https:\/\/www.stanadyne.com\/de\/wp-json\/wp\/v2\/pages\/41416"}],"wp:attachment":[{"href":"https:\/\/www.stanadyne.com\/de\/wp-json\/wp\/v2\/media?parent=41883"}],"curies":[{"name":"wp","href":"https:\/\/api.w.org\/{rel}","templated":true}]}}