{"id":223,"date":"2025-11-01T15:13:47","date_gmt":"2025-11-01T19:13:47","guid":{"rendered":"https:\/\/s5c.72e.mywebsitetransfer.com\/?page_id=223"},"modified":"2026-01-30T08:32:26","modified_gmt":"2026-01-30T13:32:26","slug":"history","status":"publish","type":"page","link":"https:\/\/www.stanadyne.com\/de\/history\/","title":{"rendered":"Geschichte"},"content":{"rendered":"<div data-elementor-type=\"wp-page\" data-elementor-id=\"223\" class=\"elementor elementor-223\" data-elementor-post-type=\"page\">\n\t\t\t\t<div class=\"elementor-element elementor-element-85a4f08 e-flex e-con-boxed e-con e-parent\" data-id=\"85a4f08\" data-element_type=\"container\" data-e-type=\"container\">\n\t\t\t\t\t<div class=\"e-con-inner\">\n\t\t<div class=\"elementor-element elementor-element-ee98916 e-con-full e-flex elementor-invisible e-con e-child\" data-id=\"ee98916\" data-element_type=\"container\" data-e-type=\"container\" data-settings=\"{&quot;animation&quot;:&quot;fadeInLeft&quot;}\">\n\t\t\t\t<div class=\"elementor-element elementor-element-66fbf20 grayheader elementor-widget elementor-widget-heading\" data-id=\"66fbf20\" data-element_type=\"widget\" data-e-type=\"widget\" data-widget_type=\"heading.default\">\n\t\t\t\t\t<h2 class=\"elementor-heading-title elementor-size-default\">about us<\/h2>\t\t\t\t<\/div>\n\t\t\t\t<div class=\"elementor-element elementor-element-585e608 elementor-widget elementor-widget-text-editor\" data-id=\"585e608\" data-element_type=\"widget\" data-e-type=\"widget\" data-widget_type=\"text-editor.default\">\n\t\t\t\t\t\t\t\t\t<p>Stanadyne ist ein weltweit f\u00fchrendes Unternehmen in der Automobiltechnologie f\u00fcr motorbasierte Kraftstoff- und Luftmanagementsysteme. Wir sind spezialisiert auf bahnbrechende Technologien f\u00fcr Benzin- und Diesel-Einspritzsysteme f\u00fcr die Motoren, die unsere Welt in Bewegung halten, sowie auf Aftermarket- und wiederaufbereitete Komponenten, die dazu beitragen, dass diese Motoren auf der Stra\u00dfe bleiben. Unsere klassenbesten Produkte bieten \u00fcberlegene Qualit\u00e4t und einen Wettbewerbsvorteil, indem sie Kraft, Leistung und Effizienz liefern und es unseren Kunden erm\u00f6glichen, den sich schnell entwickelnden Emissions- und Verbrauchernachfragen voraus zu sein.<\/p><p>Seit unserer Gr\u00fcndung im Jahr 1876 ist unsere Erfahrung in der Automobilindustrie verwurzelt, und wir sind seit mehr als 60 Jahren ein zuverl\u00e4ssiger Partner f\u00fcr einige der bekanntesten Marken. Im Jahr 2019 haben wir PurePower Technologies \u00fcbernommen, ein f\u00fchrendes Unternehmen in der Entwicklung und Wiederaufbereitung von Diesel-Einspritzd\u00fcsen, Turboladern, Ventilen und anderen Komponenten f\u00fcr die Erstausr\u00fcstung und den Ersatzteilmarkt.<\/p><p>Unser Schwerpunkt liegt heute auf der Entwicklung, Konstruktion und Bereitstellung von L\u00f6sungen f\u00fcr unsere Kunden mit unserem vielf\u00e4ltigen globalen Team. Wir haben unseren Hauptsitz in Jacksonville, NC, USA, und verf\u00fcgen \u00fcber Design-, Entwicklungs- und Produktionsst\u00e4tten in den USA, China, Italien, Indien und den Vereinigten Arabischen Emiraten sowie \u00fcber ein weltweites Netzwerk von Kundendiensth\u00e4ndlern und Distributoren.<\/p>\t\t\t\t\t\t\t\t<\/div>\n\t\t\t\t<\/div>\n\t\t<div class=\"elementor-element elementor-element-293a34f e-con-full e-flex elementor-invisible e-con e-child\" data-id=\"293a34f\" data-element_type=\"container\" data-e-type=\"container\" data-settings=\"{&quot;animation&quot;:&quot;fadeInRight&quot;}\">\n\t\t\t\t<div class=\"elementor-element elementor-element-4541b4c elementor-widget elementor-widget-image\" data-id=\"4541b4c\" data-element_type=\"widget\" data-e-type=\"widget\" data-widget_type=\"image.default\">\n\t\t\t\t\t\t\t\t\t\t\t\t\t\t\t\t<a href=\"https:\/\/www.stanadyne.com\/de\/our-timeline\/\">\n\t\t\t\t\t\t\t<img fetchpriority=\"high\" decoding=\"async\" width=\"1024\" height=\"877\" src=\"https:\/\/www.stanadyne.com\/wp-content\/uploads\/2025\/11\/stn-timeline-cta-img-1024x877.webp\" class=\"elementor-animation-grow attachment-large size-large wp-image-40933\" alt=\"\" srcset=\"https:\/\/www.stanadyne.com\/wp-content\/uploads\/2025\/11\/stn-timeline-cta-img-1024x877.webp 1024w, https:\/\/www.stanadyne.com\/wp-content\/uploads\/2025\/11\/stn-timeline-cta-img-300x257.webp 300w, https:\/\/www.stanadyne.com\/wp-content\/uploads\/2025\/11\/stn-timeline-cta-img-768x658.webp 768w, https:\/\/www.stanadyne.com\/wp-content\/uploads\/2025\/11\/stn-timeline-cta-img-1000x856.webp 1000w, https:\/\/www.stanadyne.com\/wp-content\/uploads\/2025\/11\/stn-timeline-cta-img.webp 1261w\" sizes=\"(max-width: 1024px) 100vw, 1024px\" \/>\t\t\t\t\t\t\t\t<\/a>\n\t\t\t\t\t\t\t\t\t\t\t\t\t\t\t<\/div>\n\t\t\t\t<div class=\"elementor-element elementor-element-015a1d5 elementor-align-justify elementor-widget elementor-widget-button\" data-id=\"015a1d5\" data-element_type=\"widget\" data-e-type=\"widget\" data-widget_type=\"button.default\">\n\t\t\t\t\t\t\t\t\t\t<a class=\"elementor-button elementor-button-link elementor-size-sm elementor-animation-grow\" href=\"https:\/\/www.stanadyne.com\/de\/our-timeline\/\">\n\t\t\t\t\t\t<span class=\"elementor-button-content-wrapper\">\n\t\t\t\t\t\t<span class=\"elementor-button-icon\">\n\t\t\t\t<svg aria-hidden=\"true\" class=\"e-font-icon-svg e-far-list-alt\" viewbox=\"0 0 512 512\" xmlns=\"http:\/\/www.w3.org\/2000\/svg\"><path d=\"M464 32H48C21.49 32 0 53.49 0 80v352c0 26.51 21.49 48 48 48h416c26.51 0 48-21.49 48-48V80c0-26.51-21.49-48-48-48zm-6 400H54a6 6 0 0 1-6-6V86a6 6 0 0 1 6-6h404a6 6 0 0 1 6 6v340a6 6 0 0 1-6 6zm-42-92v24c0 6.627-5.373 12-12 12H204c-6.627 0-12-5.373-12-12v-24c0-6.627 5.373-12 12-12h200c6.627 0 12 5.373 12 12zm0-96v24c0 6.627-5.373 12-12 12H204c-6.627 0-12-5.373-12-12v-24c0-6.627 5.373-12 12-12h200c6.627 0 12 5.373 12 12zm0-96v24c0 6.627-5.373 12-12 12H204c-6.627 0-12-5.373-12-12v-24c0-6.627 5.373-12 12-12h200c6.627 0 12 5.373 12 12zm-252 12c0 19.882-16.118 36-36 36s-36-16.118-36-36 16.118-36 36-36 36 16.118 36 36zm0 96c0 19.882-16.118 36-36 36s-36-16.118-36-36 16.118-36 36-36 36 16.118 36 36zm0 96c0 19.882-16.118 36-36 36s-36-16.118-36-36 16.118-36 36-36 36 16.118 36 36z\"><\/path><\/svg>\t\t\t<\/span>\n\t\t\t\t\t\t\t\t\t<span class=\"elementor-button-text\">Unsere Zeitachse anzeigen<\/span>\n\t\t\t\t\t<\/span>\n\t\t\t\t\t<\/a>\n\t\t\t\t\t\t\t\t<\/div>\n\t\t\t\t<\/div>\n\t\t\t\t\t<\/div>\n\t\t\t\t<\/div>\n\t\t<div class=\"elementor-element elementor-element-4ddfb033 e-flex e-con-boxed elementor-invisible e-con e-parent\" data-id=\"4ddfb033\" data-element_type=\"container\" data-e-type=\"container\" data-settings=\"{&quot;animation&quot;:&quot;fadeInUp&quot;}\">\n\t\t\t\t\t<div class=\"e-con-inner\">\n\t\t\t\t<div class=\"elementor-element elementor-element-be590cc grayheader elementor-widget elementor-widget-heading\" data-id=\"be590cc\" data-element_type=\"widget\" data-e-type=\"widget\" data-widget_type=\"heading.default\">\n\t\t\t\t\t<h2 class=\"elementor-heading-title elementor-size-default\">company history<\/h2>\t\t\t\t<\/div>\n\t\t\t\t<div class=\"elementor-element elementor-element-17ec149 elementor-widget elementor-widget-text-editor\" data-id=\"17ec149\" data-element_type=\"widget\" data-e-type=\"widget\" data-widget_type=\"text-editor.default\">\n\t\t\t\t\t\t\t\t\t<p>Seit mehr als 140 Jahren entwickeln Stanadyne und seine Vorg\u00e4ngerunternehmen einzigartige L\u00f6sungen f\u00fcr die weltweit schwierigsten Probleme bei Diesel- und Benzinsystemen. Das Unternehmen geht auf das Jahr 1876 als Hartford Machine Screw Company zur\u00fcck und wurde mit seiner revolution\u00e4ren Innovation, der automatischen Schraubmaschine, gegr\u00fcndet. In den darauffolgenden Jahren verbesserte die Hartford Machine Screw Company die Effizienz der Fertigung deutlich und trug so zur Industrialisierung Amerikas bei.<\/p><p>In 1900, the company changed its name to the Standard Screw Company, eventually becoming a leading supplier of precision metal components. From 1914 to 1945, Standard Screw handled contracts from the United States government to help produce aircraft parts and war materials.<\/p><p>In the post-World War II era, the company entered a new age of innovation. Vernon D. Roosa joined with his design concept for a diesel fuel injection pump that was smaller, lighter, and more technically advanced than the fuel pumps available at the time. The rotary pump, as it became known, greatly improved the efficiency, power, and practicality of diesel engines with new fuel distribution technology, allowing diesel engines to become the primary choice for heavy equipment and machinery.<\/p><div class=\"col-lg-12 m-t-2\"><p>Mit der Weiterentwicklung der Drehkolbenpumpe entwickelten sich auch ihre Anwendungsm\u00f6glichkeiten weiter. Sie eroberte den Automobil- und Transportmarkt und erm\u00f6glichte es den Fahrzeugherstellern, neue, effizientere Motoren zu entwickeln. Der Einsatz von Dieselmotoren nahm weiter zu, und die Standard Screw Company passte sich den Herausforderungen mit neuen Pumpen und Kraftstoffsystemen an, wobei jedes Mal innovative \u00c4nderungen eingef\u00fchrt wurden, die die Effizienz und Leistung erh\u00f6hten. Weitere bemerkenswerte Erfindungen aus dieser Zeit sind die Rotationspumpe Modell DB (1952) und die Pencil Nozzle\u00ae-Kraftstoffeinspritzd\u00fcse (1963).<\/p><p>Als die Standard Screw Company 1970 in Stanadyne umgewandelt wurde, leitete das Unternehmen eine neue Welle von Technologien ein, darunter Kraftstofffilter und Additive. Stanadyne-Dieselkraftstoffpumpen boten zu dieser Zeit das kraftstoffeffizienteste Design und das Unternehmen erlebte w\u00e4hrend der \u00d6lkrise 1973 ein schnelles Wachstum.<\/p><p>In den darauffolgenden Jahren erweiterte das Unternehmen sein Portfolio um die elektronische Steuerung <a href=\"https:\/\/www.stanadyne.com\/de\/diesel-products\/\">Diesel-Drehkolbenpumpen<\/a>, <a href=\"https:\/\/www.stanadyne.com\/de\/diesel-products\/diesel-common-rail\/\">Diesel-Common-Rail-Pumpen<\/a> und <a href=\"https:\/\/www.stanadyne.com\/de\/gasoline-products\/\">Kraftstoffpumpen mit Direkteinspritzung<\/a> f\u00fcr Benzinmotoren. In den fr\u00fchen 2000er Jahren f\u00fchrte Stanadyne die weltweit erste 200-bar-Benzindirekteinspritzpumpe auf dem Automobilmarkt ein. Es folgte schnell eine weitere Benzin-Direkteinspritzpumpe f\u00fcr die Rennsportindustrie. Mit der rasanten Innovation bei Benzin- und Dieselkraftstoffsystemen befand sich das Unternehmen an einem Scheideweg. Im Jahr 2014 verkaufte das Unternehmen das Gesch\u00e4ft mit Kraftstofffiltern und Additiven, um sich ausschlie\u00dflich auf Kraftstoffpumpen und Einspritzd\u00fcsen zu konzentrieren.<\/p><p>Today, the company is re-imagining its product portfolio and providing tailored solutions for its customers. As the company embraces the future of fuel, it continues to innovate and develop new technology to improve the efficiency, power and performance of fuel systems.<\/p><\/div>\t\t\t\t\t\t\t\t<\/div>\n\t\t\t\t<div class=\"elementor-element elementor-element-21232d7 elementor-align-justify elementor-widget elementor-widget-button\" data-id=\"21232d7\" data-element_type=\"widget\" data-e-type=\"widget\" data-widget_type=\"button.default\">\n\t\t\t\t\t\t\t\t\t\t<a class=\"elementor-button elementor-button-link elementor-size-sm elementor-animation-grow\" href=\"https:\/\/www.stanadyne.com\/de\/product-process-development-center\/\">\n\t\t\t\t\t\t<span class=\"elementor-button-content-wrapper\">\n\t\t\t\t\t\t<span class=\"elementor-button-icon\">\n\t\t\t\t<svg aria-hidden=\"true\" class=\"e-font-icon-svg e-far-compass\" viewbox=\"0 0 496 512\" xmlns=\"http:\/\/www.w3.org\/2000\/svg\"><path d=\"M347.94 129.86L203.6 195.83a31.938 31.938 0 0 0-15.77 15.77l-65.97 144.34c-7.61 16.65 9.54 33.81 26.2 26.2l144.34-65.97a31.938 31.938 0 0 0 15.77-15.77l65.97-144.34c7.61-16.66-9.54-33.81-26.2-26.2zm-77.36 148.72c-12.47 12.47-32.69 12.47-45.16 0-12.47-12.47-12.47-32.69 0-45.16 12.47-12.47 32.69-12.47 45.16 0 12.47 12.47 12.47 32.69 0 45.16zM248 8C111.03 8 0 119.03 0 256s111.03 248 248 248 248-111.03 248-248S384.97 8 248 8zm0 448c-110.28 0-200-89.72-200-200S137.72 56 248 56s200 89.72 200 200-89.72 200-200 200z\"><\/path><\/svg>\t\t\t<\/span>\n\t\t\t\t\t\t\t\t\t<span class=\"elementor-button-text\">Explore where our latest innovations are born<\/span>\n\t\t\t\t\t<\/span>\n\t\t\t\t\t<\/a>\n\t\t\t\t\t\t\t\t<\/div>\n\t\t\t\t\t<\/div>\n\t\t\t\t<\/div>\n\t\t\t\t<\/div>","protected":false},"excerpt":{"rendered":"<p>about us Stanadyne is a global automotive technology leader in engine-based fuel and air management systems. We specialize in pioneering technologies in gasoline and diesel fuel injection systems for the engines that make our world move, and in aftermarket and remanufactured components that help keep those engines on the road. Our best-in-class products offer superior&hellip;<\/p>","protected":false},"author":13,"featured_media":0,"parent":0,"menu_order":11,"comment_status":"closed","ping_status":"closed","template":"","meta":{"footnotes":""},"class_list":["post-223","page","type-page","status-publish","hentry"],"yoast_head":"<!-- This site is optimized with the Yoast SEO plugin v27.4 - https:\/\/yoast.com\/product\/yoast-seo-wordpress\/ -->\n<title>History - Stanadyne<\/title>\n<meta name=\"description\" content=\"Founded in 1876, Stanadyne&#039;s history is rooted in the automotive industry, and we\u2019ve been a trusted partner of well-known brands ever since.\" \/>\n<meta name=\"robots\" content=\"index, follow, max-snippet:-1, max-image-preview:large, max-video-preview:-1\" \/>\n<link rel=\"canonical\" href=\"https:\/\/www.stanadyne.com\/de\/history\/\" \/>\n<meta property=\"og:locale\" content=\"de_DE\" \/>\n<meta property=\"og:type\" content=\"article\" \/>\n<meta property=\"og:title\" content=\"History - Stanadyne\" \/>\n<meta property=\"og:description\" content=\"Founded in 1876, Stanadyne&#039;s history is rooted in the automotive industry, and we\u2019ve been a trusted partner of well-known brands ever since.\" \/>\n<meta property=\"og:url\" content=\"https:\/\/www.stanadyne.com\/de\/history\/\" \/>\n<meta property=\"og:site_name\" content=\"Stanadyne\" \/>\n<meta property=\"article:publisher\" content=\"https:\/\/www.facebook.com\/Stanadyne\" \/>\n<meta property=\"article:modified_time\" content=\"2026-01-30T13:32:26+00:00\" \/>\n<meta property=\"og:image\" content=\"https:\/\/www.stanadyne.com\/wp-content\/uploads\/2025\/11\/stn-timeline-cta-img-1024x877.webp\" \/>\n<meta name=\"twitter:card\" content=\"summary_large_image\" \/>\n<meta name=\"twitter:site\" content=\"@StanadyneGlobal\" \/>\n<meta name=\"twitter:label1\" content=\"Gesch\u00e4tzte Lesezeit\" \/>\n\t<meta name=\"twitter:data1\" content=\"3\u00a0Minuten\" \/>\n<script type=\"application\/ld+json\" class=\"yoast-schema-graph\">{\"@context\":\"https:\\\/\\\/schema.org\",\"@graph\":[{\"@type\":\"WebPage\",\"@id\":\"https:\\\/\\\/www.stanadyne.com\\\/history\\\/\",\"url\":\"https:\\\/\\\/www.stanadyne.com\\\/history\\\/\",\"name\":\"History - Stanadyne\",\"isPartOf\":{\"@id\":\"https:\\\/\\\/www.stanadyne.com\\\/#website\"},\"primaryImageOfPage\":{\"@id\":\"https:\\\/\\\/www.stanadyne.com\\\/history\\\/#primaryimage\"},\"image\":{\"@id\":\"https:\\\/\\\/www.stanadyne.com\\\/history\\\/#primaryimage\"},\"thumbnailUrl\":\"https:\\\/\\\/www.stanadyne.com\\\/wp-content\\\/uploads\\\/2025\\\/11\\\/stn-timeline-cta-img-1024x877.webp\",\"datePublished\":\"2025-11-01T19:13:47+00:00\",\"dateModified\":\"2026-01-30T13:32:26+00:00\",\"description\":\"Founded in 1876, Stanadyne's history is rooted in the automotive industry, and we\u2019ve been a trusted partner of well-known brands ever since.\",\"breadcrumb\":{\"@id\":\"https:\\\/\\\/www.stanadyne.com\\\/history\\\/#breadcrumb\"},\"inLanguage\":\"de\",\"potentialAction\":[{\"@type\":\"ReadAction\",\"target\":[\"https:\\\/\\\/www.stanadyne.com\\\/history\\\/\"]}]},{\"@type\":\"ImageObject\",\"inLanguage\":\"de\",\"@id\":\"https:\\\/\\\/www.stanadyne.com\\\/history\\\/#primaryimage\",\"url\":\"https:\\\/\\\/www.stanadyne.com\\\/wp-content\\\/uploads\\\/2025\\\/11\\\/stn-timeline-cta-img-1024x877.webp\",\"contentUrl\":\"https:\\\/\\\/www.stanadyne.com\\\/wp-content\\\/uploads\\\/2025\\\/11\\\/stn-timeline-cta-img-1024x877.webp\"},{\"@type\":\"BreadcrumbList\",\"@id\":\"https:\\\/\\\/www.stanadyne.com\\\/history\\\/#breadcrumb\",\"itemListElement\":[{\"@type\":\"ListItem\",\"position\":1,\"name\":\"Home\",\"item\":\"https:\\\/\\\/www.stanadyne.com\\\/\"},{\"@type\":\"ListItem\",\"position\":2,\"name\":\"History\"}]},{\"@type\":\"WebSite\",\"@id\":\"https:\\\/\\\/www.stanadyne.com\\\/#website\",\"url\":\"https:\\\/\\\/www.stanadyne.com\\\/\",\"name\":\"Stanadyne\",\"description\":\"Accelerating Engine Innovation\",\"publisher\":{\"@id\":\"https:\\\/\\\/www.stanadyne.com\\\/#organization\"},\"potentialAction\":[{\"@type\":\"SearchAction\",\"target\":{\"@type\":\"EntryPoint\",\"urlTemplate\":\"https:\\\/\\\/www.stanadyne.com\\\/?s={search_term_string}\"},\"query-input\":{\"@type\":\"PropertyValueSpecification\",\"valueRequired\":true,\"valueName\":\"search_term_string\"}}],\"inLanguage\":\"de\"},{\"@type\":\"Organization\",\"@id\":\"https:\\\/\\\/www.stanadyne.com\\\/#organization\",\"name\":\"Stanadyne\",\"url\":\"https:\\\/\\\/www.stanadyne.com\\\/\",\"logo\":{\"@type\":\"ImageObject\",\"inLanguage\":\"de\",\"@id\":\"https:\\\/\\\/www.stanadyne.com\\\/#\\\/schema\\\/logo\\\/image\\\/\",\"url\":\"https:\\\/\\\/www.stanadyne.com\\\/wp-content\\\/uploads\\\/2016\\\/07\\\/amalgamations-main.jpg\",\"contentUrl\":\"https:\\\/\\\/www.stanadyne.com\\\/wp-content\\\/uploads\\\/2016\\\/07\\\/amalgamations-main.jpg\",\"width\":711,\"height\":328,\"caption\":\"Stanadyne\"},\"image\":{\"@id\":\"https:\\\/\\\/www.stanadyne.com\\\/#\\\/schema\\\/logo\\\/image\\\/\"},\"sameAs\":[\"https:\\\/\\\/www.facebook.com\\\/Stanadyne\",\"https:\\\/\\\/x.com\\\/StanadyneGlobal\",\"https:\\\/\\\/www.linkedin.com\\\/company\\\/53299?trk=tyah&amp;amp;amp;amp;trkInfo=tarId:1415624915381,tas:stanadyne,idx:2-1-4\"]}]}<\/script>\n<!-- \/ Yoast SEO plugin. -->","yoast_head_json":{"title":"Geschichte - Stanadyne","description":"Founded in 1876, Stanadyne's history is rooted in the automotive industry, and we\u2019ve been a trusted partner of well-known brands ever since.","robots":{"index":"index","follow":"follow","max-snippet":"max-snippet:-1","max-image-preview":"max-image-preview:large","max-video-preview":"max-video-preview:-1"},"canonical":"https:\/\/www.stanadyne.com\/de\/history\/","og_locale":"de_DE","og_type":"article","og_title":"History - Stanadyne","og_description":"Founded in 1876, Stanadyne's history is rooted in the automotive industry, and we\u2019ve been a trusted partner of well-known brands ever since.","og_url":"https:\/\/www.stanadyne.com\/de\/history\/","og_site_name":"Stanadyne","article_publisher":"https:\/\/www.facebook.com\/Stanadyne","article_modified_time":"2026-01-30T13:32:26+00:00","og_image":[{"url":"https:\/\/www.stanadyne.com\/wp-content\/uploads\/2025\/11\/stn-timeline-cta-img-1024x877.webp","type":"","width":"","height":""}],"twitter_card":"summary_large_image","twitter_site":"@StanadyneGlobal","twitter_misc":{"Gesch\u00e4tzte Lesezeit":"3\u00a0Minuten"},"schema":{"@context":"https:\/\/schema.org","@graph":[{"@type":"WebPage","@id":"https:\/\/www.stanadyne.com\/history\/","url":"https:\/\/www.stanadyne.com\/history\/","name":"Geschichte - Stanadyne","isPartOf":{"@id":"https:\/\/www.stanadyne.com\/#website"},"primaryImageOfPage":{"@id":"https:\/\/www.stanadyne.com\/history\/#primaryimage"},"image":{"@id":"https:\/\/www.stanadyne.com\/history\/#primaryimage"},"thumbnailUrl":"https:\/\/www.stanadyne.com\/wp-content\/uploads\/2025\/11\/stn-timeline-cta-img-1024x877.webp","datePublished":"2025-11-01T19:13:47+00:00","dateModified":"2026-01-30T13:32:26+00:00","description":"Founded in 1876, Stanadyne's history is rooted in the automotive industry, and we\u2019ve been a trusted partner of well-known brands ever since.","breadcrumb":{"@id":"https:\/\/www.stanadyne.com\/history\/#breadcrumb"},"inLanguage":"de","potentialAction":[{"@type":"ReadAction","target":["https:\/\/www.stanadyne.com\/history\/"]}]},{"@type":"ImageObject","inLanguage":"de","@id":"https:\/\/www.stanadyne.com\/history\/#primaryimage","url":"https:\/\/www.stanadyne.com\/wp-content\/uploads\/2025\/11\/stn-timeline-cta-img-1024x877.webp","contentUrl":"https:\/\/www.stanadyne.com\/wp-content\/uploads\/2025\/11\/stn-timeline-cta-img-1024x877.webp"},{"@type":"BreadcrumbList","@id":"https:\/\/www.stanadyne.com\/history\/#breadcrumb","itemListElement":[{"@type":"ListItem","position":1,"name":"Home","item":"https:\/\/www.stanadyne.com\/"},{"@type":"ListItem","position":2,"name":"History"}]},{"@type":"WebSite","@id":"https:\/\/www.stanadyne.com\/#website","url":"https:\/\/www.stanadyne.com\/","name":"Stanadyne","description":"Beschleunigung der Motorinnovation","publisher":{"@id":"https:\/\/www.stanadyne.com\/#organization"},"potentialAction":[{"@type":"SearchAction","target":{"@type":"EntryPoint","urlTemplate":"https:\/\/www.stanadyne.com\/?s={search_term_string}"},"query-input":{"@type":"PropertyValueSpecification","valueRequired":true,"valueName":"search_term_string"}}],"inLanguage":"de"},{"@type":"Organization","@id":"https:\/\/www.stanadyne.com\/#organization","name":"Stanadyne","url":"https:\/\/www.stanadyne.com\/","logo":{"@type":"ImageObject","inLanguage":"de","@id":"https:\/\/www.stanadyne.com\/#\/schema\/logo\/image\/","url":"https:\/\/www.stanadyne.com\/wp-content\/uploads\/2016\/07\/amalgamations-main.jpg","contentUrl":"https:\/\/www.stanadyne.com\/wp-content\/uploads\/2016\/07\/amalgamations-main.jpg","width":711,"height":328,"caption":"Stanadyne"},"image":{"@id":"https:\/\/www.stanadyne.com\/#\/schema\/logo\/image\/"},"sameAs":["https:\/\/www.facebook.com\/Stanadyne","https:\/\/x.com\/StanadyneGlobal","https:\/\/www.linkedin.com\/company\/53299?trk=tyah&amp;amp;amp;amp;trkInfo=tarId:1415624915381,tas:stanadyne,idx:2-1-4"]}]}},"_links":{"self":[{"href":"https:\/\/www.stanadyne.com\/de\/wp-json\/wp\/v2\/pages\/223","targetHints":{"allow":["GET"]}}],"collection":[{"href":"https:\/\/www.stanadyne.com\/de\/wp-json\/wp\/v2\/pages"}],"about":[{"href":"https:\/\/www.stanadyne.com\/de\/wp-json\/wp\/v2\/types\/page"}],"author":[{"embeddable":true,"href":"https:\/\/www.stanadyne.com\/de\/wp-json\/wp\/v2\/users\/13"}],"replies":[{"embeddable":true,"href":"https:\/\/www.stanadyne.com\/de\/wp-json\/wp\/v2\/comments?post=223"}],"version-history":[{"count":67,"href":"https:\/\/www.stanadyne.com\/de\/wp-json\/wp\/v2\/pages\/223\/revisions"}],"predecessor-version":[{"id":43795,"href":"https:\/\/www.stanadyne.com\/de\/wp-json\/wp\/v2\/pages\/223\/revisions\/43795"}],"wp:attachment":[{"href":"https:\/\/www.stanadyne.com\/de\/wp-json\/wp\/v2\/media?parent=223"}],"curies":[{"name":"wp","href":"https:\/\/api.w.org\/{rel}","templated":true}]}}