{"id":205,"date":"2025-11-01T21:40:36","date_gmt":"2025-11-02T01:40:36","guid":{"rendered":"https:\/\/s5c.72e.mywebsitetransfer.com\/?page_id=205"},"modified":"2026-01-30T07:46:22","modified_gmt":"2026-01-30T12:46:22","slug":"our-culture","status":"publish","type":"page","link":"https:\/\/www.stanadyne.com\/de\/our-culture\/","title":{"rendered":"Unsere Kultur"},"content":{"rendered":"<div data-elementor-type=\"wp-page\" data-elementor-id=\"205\" class=\"elementor elementor-205\" data-elementor-post-type=\"page\">\n\t\t\t\t<div class=\"elementor-element elementor-element-7707ad0 e-flex e-con-boxed e-con e-parent\" data-id=\"7707ad0\" data-element_type=\"container\" data-e-type=\"container\">\n\t\t\t\t\t<div class=\"e-con-inner\">\n\t\t<div class=\"elementor-element elementor-element-f8ee494 e-con-full e-flex elementor-invisible e-con e-child\" data-id=\"f8ee494\" data-element_type=\"container\" data-e-type=\"container\" data-settings=\"{&quot;animation&quot;:&quot;fadeInLeft&quot;}\">\n\t\t\t\t<div class=\"elementor-element elementor-element-06b4b92 grayheader elementor-widget elementor-widget-heading\" data-id=\"06b4b92\" data-element_type=\"widget\" data-e-type=\"widget\" data-widget_type=\"heading.default\">\n\t\t\t\t\t<h2 class=\"elementor-heading-title elementor-size-default\">Entwickelt f\u00fcr Spitzenleistungen<\/h2>\t\t\t\t<\/div>\n\t\t\t\t<div class=\"elementor-element elementor-element-689844c elementor-widget elementor-widget-text-editor\" data-id=\"689844c\" data-element_type=\"widget\" data-e-type=\"widget\" data-widget_type=\"text-editor.default\">\n\t\t\t\t\t\t\t\t\t<p>Unsere Mitarbeiter machen Stanadyne zu dem Unternehmen, das wir sind. Wir heben uns nicht nur durch den Bau innovativer Kraftstoffsysteme von anderen ab, sondern auch durch unsere Unternehmenskultur. Wir sind ein leidenschaftliches Kollektiv der besten und kl\u00fcgsten K\u00f6pfe und glauben, dass innovative L\u00f6sungen aus der Kraft der Zusammenarbeit und einer breit gef\u00e4cherten Belegschaft erwachsen.<\/p><p>Wir verpflichten uns gegenseitig zu h\u00f6chster Integrit\u00e4t und Verantwortlichkeit und fordern uns gegenseitig heraus, das M\u00f6gliche zu hinterfragen, um neue H\u00f6hen zu erreichen. Wir haben eine gemeinsame Vision f\u00fcr die Zukunft einer intelligenteren, gr\u00fcneren und effizienteren Welt. Unsere Mitarbeiter kommen aus vielen verschiedenen Regionen und sprechen viele Sprachen, und wir nehmen die vor uns liegenden Herausforderungen mit der Einstellung an, dass nichts unm\u00f6glich ist.<\/p>\t\t\t\t\t\t\t\t<\/div>\n\t\t\t\t<\/div>\n\t\t<div class=\"elementor-element elementor-element-ee3b791 e-con-full e-flex elementor-invisible e-con e-child\" data-id=\"ee3b791\" data-element_type=\"container\" data-e-type=\"container\" data-settings=\"{&quot;animation&quot;:&quot;fadeInRight&quot;}\">\n\t\t\t\t<div class=\"elementor-element elementor-element-e607bd9 elementor-widget elementor-widget-image\" data-id=\"e607bd9\" data-element_type=\"widget\" data-e-type=\"widget\" data-widget_type=\"image.default\">\n\t\t\t\t\t\t\t\t\t\t\t\t\t\t\t<img fetchpriority=\"high\" decoding=\"async\" width=\"1024\" height=\"569\" src=\"https:\/\/www.stanadyne.com\/wp-content\/uploads\/2025\/11\/corporate-culture-page-1024x569.webp\" class=\"attachment-large size-large wp-image-41129\" alt=\"\" srcset=\"https:\/\/www.stanadyne.com\/wp-content\/uploads\/2025\/11\/corporate-culture-page-1024x569.webp 1024w, https:\/\/www.stanadyne.com\/wp-content\/uploads\/2025\/11\/corporate-culture-page-300x167.webp 300w, https:\/\/www.stanadyne.com\/wp-content\/uploads\/2025\/11\/corporate-culture-page-768x427.webp 768w, https:\/\/www.stanadyne.com\/wp-content\/uploads\/2025\/11\/corporate-culture-page-1536x854.webp 1536w, https:\/\/www.stanadyne.com\/wp-content\/uploads\/2025\/11\/corporate-culture-page-1000x556.webp 1000w, https:\/\/www.stanadyne.com\/wp-content\/uploads\/2025\/11\/corporate-culture-page.webp 1920w\" sizes=\"(max-width: 1024px) 100vw, 1024px\" \/>\t\t\t\t\t\t\t\t\t\t\t\t\t\t\t<\/div>\n\t\t\t\t<\/div>\n\t\t<div class=\"elementor-element elementor-element-9ffb76e e-con-full e-flex elementor-invisible e-con e-child\" data-id=\"9ffb76e\" data-element_type=\"container\" data-e-type=\"container\" data-settings=\"{&quot;animation&quot;:&quot;fadeInUp&quot;}\">\n\t\t\t\t<div class=\"elementor-element elementor-element-30724c5 elementor-widget elementor-widget-text-editor\" data-id=\"30724c5\" data-element_type=\"widget\" data-e-type=\"widget\" data-widget_type=\"text-editor.default\">\n\t\t\t\t\t\t\t\t\t<p>Unsere Werte verbinden uns, und unser Zukunftsbild ist klar. Unsere Mitarbeiter und unsere Kultur sind der Schl\u00fcssel zu Innovationen, die die Zukunft der Kraftstoffsysteme pr\u00e4gen werden.<\/p>\t\t\t\t\t\t\t\t<\/div>\n\t\t\t\t<\/div>\n\t\t\t\t\t<\/div>\n\t\t\t\t<\/div>\n\t\t<div class=\"elementor-element elementor-element-26c6dc3 e-flex e-con-boxed e-con e-parent\" data-id=\"26c6dc3\" data-element_type=\"container\" data-e-type=\"container\">\n\t\t\t\t\t<div class=\"e-con-inner\">\n\t\t<div class=\"elementor-element elementor-element-9bd2acd e-con-full e-flex elementor-invisible e-con e-child\" data-id=\"9bd2acd\" data-element_type=\"container\" data-e-type=\"container\" data-settings=\"{&quot;animation&quot;:&quot;fadeInLeft&quot;}\">\n\t\t\t\t<div class=\"elementor-element elementor-element-f292865 elementor-widget elementor-widget-heading\" data-id=\"f292865\" data-element_type=\"widget\" data-e-type=\"widget\" data-widget_type=\"heading.default\">\n\t\t\t\t\t<h5 class=\"elementor-heading-title elementor-size-default\">Beste Leistung in der Klasse<\/h5>\t\t\t\t<\/div>\n\t\t\t\t<div class=\"elementor-element elementor-element-dbc4414 elementor-widget elementor-widget-text-editor\" data-id=\"dbc4414\" data-element_type=\"widget\" data-e-type=\"widget\" data-widget_type=\"text-editor.default\">\n\t\t\t\t\t\t\t\t\t<p>Wenn es um Leistung geht, geben wir uns nicht mit weniger als dem Besten zufrieden. Wir arbeiten hart daran, unsere Zusagen einzuhalten und die Erwartungen unserer Kunden zu erf\u00fcllen. Wir geben uns nicht mit \"gut genug\" zufrieden und streben st\u00e4ndig nach Verbesserung.<\/p>\t\t\t\t\t\t\t\t<\/div>\n\t\t\t\t<\/div>\n\t\t<div class=\"elementor-element elementor-element-9440e5a e-con-full e-flex elementor-invisible e-con e-child\" data-id=\"9440e5a\" data-element_type=\"container\" data-e-type=\"container\" data-settings=\"{&quot;animation&quot;:&quot;fadeInUp&quot;}\">\n\t\t\t\t<div class=\"elementor-element elementor-element-33f55a4 elementor-widget elementor-widget-heading\" data-id=\"33f55a4\" data-element_type=\"widget\" data-e-type=\"widget\" data-widget_type=\"heading.default\">\n\t\t\t\t\t<h5 class=\"elementor-heading-title elementor-size-default\">Immer nach vorne schauen<\/h5>\t\t\t\t<\/div>\n\t\t\t\t<div class=\"elementor-element elementor-element-c93f788 elementor-widget elementor-widget-text-editor\" data-id=\"c93f788\" data-element_type=\"widget\" data-e-type=\"widget\" data-widget_type=\"text-editor.default\">\n\t\t\t\t\t\t\t\t\t<p>Unsere Vision f\u00fcr die Zukunft basiert auf der Idee, dass eine gro\u00dfartige Technologie nur ein Ausgangspunkt ist. Gemeinsam mit unseren Kunden und Partnern verschieben wir die Grenzen der Innovation und entwickeln L\u00f6sungen, die die Motoren von morgen antreiben.<\/p>\t\t\t\t\t\t\t\t<\/div>\n\t\t\t\t<\/div>\n\t\t<div class=\"elementor-element elementor-element-650d393 e-con-full e-flex elementor-invisible e-con e-child\" data-id=\"650d393\" data-element_type=\"container\" data-e-type=\"container\" data-settings=\"{&quot;animation&quot;:&quot;fadeInRight&quot;}\">\n\t\t\t\t<div class=\"elementor-element elementor-element-f3841e9 elementor-widget elementor-widget-heading\" data-id=\"f3841e9\" data-element_type=\"widget\" data-e-type=\"widget\" data-widget_type=\"heading.default\">\n\t\t\t\t\t<h5 class=\"elementor-heading-title elementor-size-default\">Menschen bef\u00e4higen<\/h5>\t\t\t\t<\/div>\n\t\t\t\t<div class=\"elementor-element elementor-element-8497ea6 elementor-widget elementor-widget-text-editor\" data-id=\"8497ea6\" data-element_type=\"widget\" data-e-type=\"widget\" data-widget_type=\"text-editor.default\">\n\t\t\t\t\t\t\t\t\t<p>Wir ermutigen unsere Mitarbeiter, Grenzen zu \u00fcberschreiten und das M\u00f6gliche immer wieder in Frage zu stellen. Wenn Menschen bef\u00e4higt werden, ihre eigenen Wege zu finden, Entscheidungen zu treffen und Fehler zu machen, ist unser Unternehmen am besten. Unsere Vision f\u00fcr die Zukunft erfordert frische Ideen, um gro\u00dfartige Technologie noch besser zu machen.<\/p>\t\t\t\t\t\t\t\t<\/div>\n\t\t\t\t<\/div>\n\t\t\t\t\t<\/div>\n\t\t\t\t<\/div>\n\t\t\t\t<\/div>","protected":false},"excerpt":{"rendered":"<p>Engineered to Excel Our people make Stanadyne the company we are. We stand out from others not only because we build innovative fuel systems, but because of our culture. We are a passionate collective of the best and brightest, and believe that innovative solutions derive from the power of collaboration and a diversified workforce. We&hellip;<\/p>","protected":false},"author":13,"featured_media":0,"parent":0,"menu_order":13,"comment_status":"closed","ping_status":"closed","template":"","meta":{"footnotes":""},"class_list":["post-205","page","type-page","status-publish","hentry"],"yoast_head":"<!-- This site is optimized with the Yoast SEO plugin v27.4 - https:\/\/yoast.com\/product\/yoast-seo-wordpress\/ -->\n<title>Our Culture - Stanadyne<\/title>\n<meta name=\"description\" content=\"Our people make Stanadyne the company we are. We stand out from others not only because we build innovative fuel systems, but because of our culture.\" \/>\n<meta name=\"robots\" content=\"index, follow, max-snippet:-1, max-image-preview:large, max-video-preview:-1\" \/>\n<link rel=\"canonical\" href=\"https:\/\/www.stanadyne.com\/de\/our-culture\/\" \/>\n<meta property=\"og:locale\" content=\"de_DE\" \/>\n<meta property=\"og:type\" content=\"article\" \/>\n<meta property=\"og:title\" content=\"Our Culture - Stanadyne\" \/>\n<meta property=\"og:description\" content=\"Our people make Stanadyne the company we are. We stand out from others not only because we build innovative fuel systems, but because of our culture.\" \/>\n<meta property=\"og:url\" content=\"https:\/\/www.stanadyne.com\/de\/our-culture\/\" \/>\n<meta property=\"og:site_name\" content=\"Stanadyne\" \/>\n<meta property=\"article:publisher\" content=\"https:\/\/www.facebook.com\/Stanadyne\" \/>\n<meta property=\"article:modified_time\" content=\"2026-01-30T12:46:22+00:00\" \/>\n<meta property=\"og:image\" content=\"https:\/\/www.stanadyne.com\/wp-content\/uploads\/2025\/11\/corporate-culture-page-1024x569.webp\" \/>\n<meta name=\"twitter:card\" content=\"summary_large_image\" \/>\n<meta name=\"twitter:site\" content=\"@StanadyneGlobal\" \/>\n<meta name=\"twitter:label1\" content=\"Gesch\u00e4tzte Lesezeit\" \/>\n\t<meta name=\"twitter:data1\" content=\"1\u00a0Minute\" \/>\n<script type=\"application\/ld+json\" class=\"yoast-schema-graph\">{\"@context\":\"https:\\\/\\\/schema.org\",\"@graph\":[{\"@type\":\"WebPage\",\"@id\":\"https:\\\/\\\/www.stanadyne.com\\\/our-culture\\\/\",\"url\":\"https:\\\/\\\/www.stanadyne.com\\\/our-culture\\\/\",\"name\":\"Our Culture - Stanadyne\",\"isPartOf\":{\"@id\":\"https:\\\/\\\/www.stanadyne.com\\\/#website\"},\"primaryImageOfPage\":{\"@id\":\"https:\\\/\\\/www.stanadyne.com\\\/our-culture\\\/#primaryimage\"},\"image\":{\"@id\":\"https:\\\/\\\/www.stanadyne.com\\\/our-culture\\\/#primaryimage\"},\"thumbnailUrl\":\"https:\\\/\\\/www.stanadyne.com\\\/wp-content\\\/uploads\\\/2025\\\/11\\\/corporate-culture-page-1024x569.webp\",\"datePublished\":\"2025-11-02T01:40:36+00:00\",\"dateModified\":\"2026-01-30T12:46:22+00:00\",\"description\":\"Our people make Stanadyne the company we are. We stand out from others not only because we build innovative fuel systems, but because of our culture.\",\"breadcrumb\":{\"@id\":\"https:\\\/\\\/www.stanadyne.com\\\/our-culture\\\/#breadcrumb\"},\"inLanguage\":\"de\",\"potentialAction\":[{\"@type\":\"ReadAction\",\"target\":[\"https:\\\/\\\/www.stanadyne.com\\\/our-culture\\\/\"]}]},{\"@type\":\"ImageObject\",\"inLanguage\":\"de\",\"@id\":\"https:\\\/\\\/www.stanadyne.com\\\/our-culture\\\/#primaryimage\",\"url\":\"https:\\\/\\\/www.stanadyne.com\\\/wp-content\\\/uploads\\\/2025\\\/11\\\/corporate-culture-page-1024x569.webp\",\"contentUrl\":\"https:\\\/\\\/www.stanadyne.com\\\/wp-content\\\/uploads\\\/2025\\\/11\\\/corporate-culture-page-1024x569.webp\"},{\"@type\":\"BreadcrumbList\",\"@id\":\"https:\\\/\\\/www.stanadyne.com\\\/our-culture\\\/#breadcrumb\",\"itemListElement\":[{\"@type\":\"ListItem\",\"position\":1,\"name\":\"Home\",\"item\":\"https:\\\/\\\/www.stanadyne.com\\\/\"},{\"@type\":\"ListItem\",\"position\":2,\"name\":\"Our Culture\"}]},{\"@type\":\"WebSite\",\"@id\":\"https:\\\/\\\/www.stanadyne.com\\\/#website\",\"url\":\"https:\\\/\\\/www.stanadyne.com\\\/\",\"name\":\"Stanadyne\",\"description\":\"Accelerating Engine Innovation\",\"publisher\":{\"@id\":\"https:\\\/\\\/www.stanadyne.com\\\/#organization\"},\"potentialAction\":[{\"@type\":\"SearchAction\",\"target\":{\"@type\":\"EntryPoint\",\"urlTemplate\":\"https:\\\/\\\/www.stanadyne.com\\\/?s={search_term_string}\"},\"query-input\":{\"@type\":\"PropertyValueSpecification\",\"valueRequired\":true,\"valueName\":\"search_term_string\"}}],\"inLanguage\":\"de\"},{\"@type\":\"Organization\",\"@id\":\"https:\\\/\\\/www.stanadyne.com\\\/#organization\",\"name\":\"Stanadyne\",\"url\":\"https:\\\/\\\/www.stanadyne.com\\\/\",\"logo\":{\"@type\":\"ImageObject\",\"inLanguage\":\"de\",\"@id\":\"https:\\\/\\\/www.stanadyne.com\\\/#\\\/schema\\\/logo\\\/image\\\/\",\"url\":\"https:\\\/\\\/www.stanadyne.com\\\/wp-content\\\/uploads\\\/2016\\\/07\\\/amalgamations-main.jpg\",\"contentUrl\":\"https:\\\/\\\/www.stanadyne.com\\\/wp-content\\\/uploads\\\/2016\\\/07\\\/amalgamations-main.jpg\",\"width\":711,\"height\":328,\"caption\":\"Stanadyne\"},\"image\":{\"@id\":\"https:\\\/\\\/www.stanadyne.com\\\/#\\\/schema\\\/logo\\\/image\\\/\"},\"sameAs\":[\"https:\\\/\\\/www.facebook.com\\\/Stanadyne\",\"https:\\\/\\\/x.com\\\/StanadyneGlobal\",\"https:\\\/\\\/www.linkedin.com\\\/company\\\/53299?trk=tyah&amp;amp;amp;amp;trkInfo=tarId:1415624915381,tas:stanadyne,idx:2-1-4\"]}]}<\/script>\n<!-- \/ Yoast SEO plugin. -->","yoast_head_json":{"title":"Unsere Kultur - Stanadyne","description":"Unsere Mitarbeiter machen Stanadyne zu dem Unternehmen, das wir sind. Wir heben uns nicht nur durch die Herstellung innovativer Kraftstoffsysteme von anderen ab, sondern auch durch unsere Unternehmenskultur.","robots":{"index":"index","follow":"follow","max-snippet":"max-snippet:-1","max-image-preview":"max-image-preview:large","max-video-preview":"max-video-preview:-1"},"canonical":"https:\/\/www.stanadyne.com\/de\/our-culture\/","og_locale":"de_DE","og_type":"article","og_title":"Our Culture - Stanadyne","og_description":"Our people make Stanadyne the company we are. We stand out from others not only because we build innovative fuel systems, but because of our culture.","og_url":"https:\/\/www.stanadyne.com\/de\/our-culture\/","og_site_name":"Stanadyne","article_publisher":"https:\/\/www.facebook.com\/Stanadyne","article_modified_time":"2026-01-30T12:46:22+00:00","og_image":[{"url":"https:\/\/www.stanadyne.com\/wp-content\/uploads\/2025\/11\/corporate-culture-page-1024x569.webp","type":"","width":"","height":""}],"twitter_card":"summary_large_image","twitter_site":"@StanadyneGlobal","twitter_misc":{"Gesch\u00e4tzte Lesezeit":"1\u00a0Minute"},"schema":{"@context":"https:\/\/schema.org","@graph":[{"@type":"WebPage","@id":"https:\/\/www.stanadyne.com\/our-culture\/","url":"https:\/\/www.stanadyne.com\/our-culture\/","name":"Unsere Kultur - Stanadyne","isPartOf":{"@id":"https:\/\/www.stanadyne.com\/#website"},"primaryImageOfPage":{"@id":"https:\/\/www.stanadyne.com\/our-culture\/#primaryimage"},"image":{"@id":"https:\/\/www.stanadyne.com\/our-culture\/#primaryimage"},"thumbnailUrl":"https:\/\/www.stanadyne.com\/wp-content\/uploads\/2025\/11\/corporate-culture-page-1024x569.webp","datePublished":"2025-11-02T01:40:36+00:00","dateModified":"2026-01-30T12:46:22+00:00","description":"Unsere Mitarbeiter machen Stanadyne zu dem Unternehmen, das wir sind. Wir heben uns nicht nur durch die Herstellung innovativer Kraftstoffsysteme von anderen ab, sondern auch durch unsere Unternehmenskultur.","breadcrumb":{"@id":"https:\/\/www.stanadyne.com\/our-culture\/#breadcrumb"},"inLanguage":"de","potentialAction":[{"@type":"ReadAction","target":["https:\/\/www.stanadyne.com\/our-culture\/"]}]},{"@type":"ImageObject","inLanguage":"de","@id":"https:\/\/www.stanadyne.com\/our-culture\/#primaryimage","url":"https:\/\/www.stanadyne.com\/wp-content\/uploads\/2025\/11\/corporate-culture-page-1024x569.webp","contentUrl":"https:\/\/www.stanadyne.com\/wp-content\/uploads\/2025\/11\/corporate-culture-page-1024x569.webp"},{"@type":"BreadcrumbList","@id":"https:\/\/www.stanadyne.com\/our-culture\/#breadcrumb","itemListElement":[{"@type":"ListItem","position":1,"name":"Home","item":"https:\/\/www.stanadyne.com\/"},{"@type":"ListItem","position":2,"name":"Our Culture"}]},{"@type":"WebSite","@id":"https:\/\/www.stanadyne.com\/#website","url":"https:\/\/www.stanadyne.com\/","name":"Stanadyne","description":"Beschleunigung der Motorinnovation","publisher":{"@id":"https:\/\/www.stanadyne.com\/#organization"},"potentialAction":[{"@type":"SearchAction","target":{"@type":"EntryPoint","urlTemplate":"https:\/\/www.stanadyne.com\/?s={search_term_string}"},"query-input":{"@type":"PropertyValueSpecification","valueRequired":true,"valueName":"search_term_string"}}],"inLanguage":"de"},{"@type":"Organization","@id":"https:\/\/www.stanadyne.com\/#organization","name":"Stanadyne","url":"https:\/\/www.stanadyne.com\/","logo":{"@type":"ImageObject","inLanguage":"de","@id":"https:\/\/www.stanadyne.com\/#\/schema\/logo\/image\/","url":"https:\/\/www.stanadyne.com\/wp-content\/uploads\/2016\/07\/amalgamations-main.jpg","contentUrl":"https:\/\/www.stanadyne.com\/wp-content\/uploads\/2016\/07\/amalgamations-main.jpg","width":711,"height":328,"caption":"Stanadyne"},"image":{"@id":"https:\/\/www.stanadyne.com\/#\/schema\/logo\/image\/"},"sameAs":["https:\/\/www.facebook.com\/Stanadyne","https:\/\/x.com\/StanadyneGlobal","https:\/\/www.linkedin.com\/company\/53299?trk=tyah&amp;amp;amp;amp;trkInfo=tarId:1415624915381,tas:stanadyne,idx:2-1-4"]}]}},"_links":{"self":[{"href":"https:\/\/www.stanadyne.com\/de\/wp-json\/wp\/v2\/pages\/205","targetHints":{"allow":["GET"]}}],"collection":[{"href":"https:\/\/www.stanadyne.com\/de\/wp-json\/wp\/v2\/pages"}],"about":[{"href":"https:\/\/www.stanadyne.com\/de\/wp-json\/wp\/v2\/types\/page"}],"author":[{"embeddable":true,"href":"https:\/\/www.stanadyne.com\/de\/wp-json\/wp\/v2\/users\/13"}],"replies":[{"embeddable":true,"href":"https:\/\/www.stanadyne.com\/de\/wp-json\/wp\/v2\/comments?post=205"}],"version-history":[{"count":50,"href":"https:\/\/www.stanadyne.com\/de\/wp-json\/wp\/v2\/pages\/205\/revisions"}],"predecessor-version":[{"id":43790,"href":"https:\/\/www.stanadyne.com\/de\/wp-json\/wp\/v2\/pages\/205\/revisions\/43790"}],"wp:attachment":[{"href":"https:\/\/www.stanadyne.com\/de\/wp-json\/wp\/v2\/media?parent=205"}],"curies":[{"name":"wp","href":"https:\/\/api.w.org\/{rel}","templated":true}]}}