{"id":17618,"date":"2025-11-01T16:03:37","date_gmt":"2025-11-01T20:03:37","guid":{"rendered":"https:\/\/s5c.72e.mywebsitetransfer.com\/?page_id=17618"},"modified":"2026-01-29T09:31:45","modified_gmt":"2026-01-29T14:31:45","slug":"environmental-sustainability-commitment","status":"publish","type":"page","link":"https:\/\/www.stanadyne.com\/de\/environmental-sustainability-commitment\/","title":{"rendered":"Verpflichtung zur \u00f6kologischen Nachhaltigkeit"},"content":{"rendered":"<div data-elementor-type=\"wp-page\" data-elementor-id=\"17618\" class=\"elementor elementor-17618\" data-elementor-post-type=\"page\">\n\t\t\t\t<div class=\"elementor-element elementor-element-fda1948 e-flex e-con-boxed e-con e-parent\" data-id=\"fda1948\" data-element_type=\"container\" data-e-type=\"container\">\n\t\t\t\t\t<div class=\"e-con-inner\">\n\t\t<div class=\"elementor-element elementor-element-fa1a0c8 e-con-full e-flex elementor-invisible e-con e-child\" data-id=\"fa1a0c8\" data-element_type=\"container\" data-e-type=\"container\" data-settings=\"{&quot;animation&quot;:&quot;fadeInUp&quot;}\">\n\t\t\t\t<div class=\"elementor-element elementor-element-839df5b elementor-widget elementor-widget-text-editor\" data-id=\"839df5b\" data-element_type=\"widget\" data-e-type=\"widget\" data-widget_type=\"text-editor.default\">\n\t\t\t\t\t\t\t\t\tWir engagieren uns f\u00fcr den Schutz der Umwelt und die Bereitstellung von umweltfreundlichen Arbeitspl\u00e4tzen.\t\t\t\t\t\t\t\t<\/div>\n\t\t\t\t<\/div>\n\t\t<div class=\"elementor-element elementor-element-574fa33 e-con-full e-flex elementor-invisible e-con e-child\" data-id=\"574fa33\" data-element_type=\"container\" data-e-type=\"container\" data-settings=\"{&quot;animation&quot;:&quot;fadeInLeft&quot;}\">\n\t\t\t\t<div class=\"elementor-element elementor-element-555bbf5 grayheader elementor-widget elementor-widget-heading\" data-id=\"555bbf5\" data-element_type=\"widget\" data-e-type=\"widget\" data-widget_type=\"heading.default\">\n\t\t\t\t\t<h2 class=\"elementor-heading-title elementor-size-default\">\u00d6kologische Nachhaltigkeit<\/h2>\t\t\t\t<\/div>\n\t\t\t\t<div class=\"elementor-element elementor-element-699e837 elementor-widget elementor-widget-text-editor\" data-id=\"699e837\" data-element_type=\"widget\" data-e-type=\"widget\" data-widget_type=\"text-editor.default\">\n\t\t\t\t\t\t\t\t\t<p>Stanadyne ist bestrebt, sein Engagement f\u00fcr \u00f6kologische Nachhaltigkeit zu demonstrieren, um die Umwelt und die Gemeinden, in denen wir leben, arbeiten und dienen, zu verbessern.<\/p><p>Unser Ansatz f\u00fcr \u00f6kologische Nachhaltigkeit ist von globaler Bedeutung. Wir arbeiten jeden Tag daran, nicht nur die Auswirkungen unseres Unternehmens zu verringern, sondern auch die Auswirkungen der Emissionen von Verbrennungsmotoren zu reduzieren, indem wir Produkte entwickeln, die durch Motorinnovationen zu einem sauberen Antrieb beitragen.<\/p>\t\t\t\t\t\t\t\t<\/div>\n\t\t\t\t<\/div>\n\t\t<div class=\"elementor-element elementor-element-24965e3 e-con-full e-flex elementor-invisible e-con e-child\" data-id=\"24965e3\" data-element_type=\"container\" data-e-type=\"container\" data-settings=\"{&quot;animation&quot;:&quot;fadeInRight&quot;}\">\n\t\t\t\t<div class=\"elementor-element elementor-element-e5058d7 elementor-widget elementor-widget-image\" data-id=\"e5058d7\" data-element_type=\"widget\" data-e-type=\"widget\" data-widget_type=\"image.default\">\n\t\t\t\t\t\t\t\t\t\t\t\t\t\t\t<img fetchpriority=\"high\" decoding=\"async\" width=\"1024\" height=\"451\" src=\"https:\/\/www.stanadyne.com\/wp-content\/uploads\/2025\/11\/Team-Building-Logo-High-Resolution-01-1024x451.webp\" class=\"attachment-large size-large wp-image-41094\" alt=\"\" srcset=\"https:\/\/www.stanadyne.com\/wp-content\/uploads\/2025\/11\/Team-Building-Logo-High-Resolution-01-1024x451.webp 1024w, https:\/\/www.stanadyne.com\/wp-content\/uploads\/2025\/11\/Team-Building-Logo-High-Resolution-01-300x132.webp 300w, https:\/\/www.stanadyne.com\/wp-content\/uploads\/2025\/11\/Team-Building-Logo-High-Resolution-01-768x338.webp 768w, https:\/\/www.stanadyne.com\/wp-content\/uploads\/2025\/11\/Team-Building-Logo-High-Resolution-01-1536x677.webp 1536w, https:\/\/www.stanadyne.com\/wp-content\/uploads\/2025\/11\/Team-Building-Logo-High-Resolution-01-1000x441.webp 1000w, https:\/\/www.stanadyne.com\/wp-content\/uploads\/2025\/11\/Team-Building-Logo-High-Resolution-01.webp 1920w\" sizes=\"(max-width: 1024px) 100vw, 1024px\" \/>\t\t\t\t\t\t\t\t\t\t\t\t\t\t\t<\/div>\n\t\t\t\t<\/div>\n\t\t<div class=\"elementor-element elementor-element-e875af2 e-con-full e-flex elementor-invisible e-con e-child\" data-id=\"e875af2\" data-element_type=\"container\" data-e-type=\"container\" data-settings=\"{&quot;animation&quot;:&quot;fadeInUp&quot;}\">\n\t\t\t\t<div class=\"elementor-element elementor-element-8f0cbd6 elementor-widget elementor-widget-text-editor\" data-id=\"8f0cbd6\" data-element_type=\"widget\" data-e-type=\"widget\" data-widget_type=\"text-editor.default\">\n\t\t\t\t\t\t\t\t\t<p>Concern for the health and sustainability of our environment is more than just a moral question; it\u2019s an imperative that we take seriously. We\u2019re proud to be a part of the global effort to reduce emissions and take steps every day to build the new standard for responsible propulsion.<\/p>\t\t\t\t\t\t\t\t<\/div>\n\t\t\t\t<\/div>\n\t\t\t\t\t<\/div>\n\t\t\t\t<\/div>\n\t\t<div class=\"elementor-element elementor-element-1eb12d2 e-flex e-con-boxed e-con e-parent\" data-id=\"1eb12d2\" data-element_type=\"container\" data-e-type=\"container\">\n\t\t\t\t\t<div class=\"e-con-inner\">\n\t\t<div class=\"elementor-element elementor-element-46b32f7 e-con-full e-flex elementor-invisible e-con e-child\" data-id=\"46b32f7\" data-element_type=\"container\" data-e-type=\"container\" data-settings=\"{&quot;animation&quot;:&quot;fadeInUp&quot;}\">\n\t\t\t\t<div class=\"elementor-element elementor-element-f8bbccd grayheader elementor-widget elementor-widget-heading\" data-id=\"f8bbccd\" data-element_type=\"widget\" data-e-type=\"widget\" data-widget_type=\"heading.default\">\n\t\t\t\t\t<h2 class=\"elementor-heading-title elementor-size-default\">Umweltpolitik<\/h2>\t\t\t\t<\/div>\n\t\t\t\t<\/div>\n\t\t<div class=\"elementor-element elementor-element-69f5f1b e-con-full e-flex elementor-invisible e-con e-child\" data-id=\"69f5f1b\" data-element_type=\"container\" data-e-type=\"container\" data-settings=\"{&quot;animation&quot;:&quot;fadeInLeft&quot;}\">\n\t\t\t\t<div class=\"elementor-element elementor-element-d1fead8 elementor-widget elementor-widget-image\" data-id=\"d1fead8\" data-element_type=\"widget\" data-e-type=\"widget\" data-widget_type=\"image.default\">\n\t\t\t\t\t\t\t\t\t\t\t\t\t\t\t<img decoding=\"async\" width=\"584\" height=\"594\" src=\"https:\/\/www.stanadyne.com\/wp-content\/uploads\/2025\/11\/Green-Globe_07012022-705x630-1.png\" class=\"attachment-large size-large wp-image-41110\" alt=\"\" srcset=\"https:\/\/www.stanadyne.com\/wp-content\/uploads\/2025\/11\/Green-Globe_07012022-705x630-1.png 584w, https:\/\/www.stanadyne.com\/wp-content\/uploads\/2025\/11\/Green-Globe_07012022-705x630-1-295x300.png 295w\" sizes=\"(max-width: 584px) 100vw, 584px\" \/>\t\t\t\t\t\t\t\t\t\t\t\t\t\t\t<\/div>\n\t\t\t\t<\/div>\n\t\t<div class=\"elementor-element elementor-element-d513467 e-con-full e-flex elementor-invisible e-con e-child\" data-id=\"d513467\" data-element_type=\"container\" data-e-type=\"container\" data-settings=\"{&quot;animation&quot;:&quot;fadeInRight&quot;}\">\n\t\t\t\t<div class=\"elementor-element elementor-element-8b28fe5 elementor-widget elementor-widget-text-editor\" data-id=\"8b28fe5\" data-element_type=\"widget\" data-e-type=\"widget\" data-widget_type=\"text-editor.default\">\n\t\t\t\t\t\t\t\t\t<p>Das Unternehmen verpflichtet sich zum Schutz der Umwelt und zur Bereitstellung von umweltfreundlichen Arbeitspl\u00e4tzen. Die Einhaltung der geltenden Umweltgesetze, -vorschriften und vertraglichen Anforderungen der Kunden ist ein Mindeststandard und liegt in der gemeinsamen Verantwortung aller Stanadyne-Mitarbeiter.<\/p><p>Stanadyne hat sich zur Einhaltung der Vorschriften verpflichtet:<\/p><ul><li>Conserving resources and promoting environmental protection by reusing and recycling materials;<\/li><li>Preventing pollution by using materials and techniques which minimize adverse impacts on the environment, and which minimize the generation of waste materials; and,<\/li><li>Improving our Environmental Management System with environmental objectives and targets set and reviewed annually.<\/li><\/ul><p>Die oberste F\u00fchrungsebene tr\u00e4gt die Hauptverantwortung f\u00fcr die Umsetzung dieser Politik, die Zuweisung von Ressourcen und die Einrichtung und Unterst\u00fctzung geeigneter Programme.<\/p>\t\t\t\t\t\t\t\t<\/div>\n\t\t\t\t<\/div>\n\t\t\t\t\t<\/div>\n\t\t\t\t<\/div>\n\t\t\t\t<\/div>","protected":false},"excerpt":{"rendered":"<p>We are committed to protecting the environment and to providing environmentally safe workplaces. Environmental Sustainability Stanadyne strives to demonstrate its environmental sustainability commitment to improving the environment and the communities in which we live, work, and serve. Our approach to environmental sustainability is on a global scale. We work every day to not only reduce&hellip;<\/p>","protected":false},"author":13,"featured_media":0,"parent":0,"menu_order":0,"comment_status":"closed","ping_status":"closed","template":"","meta":{"footnotes":""},"class_list":["post-17618","page","type-page","status-publish","hentry"],"yoast_head":"<!-- This site is optimized with the Yoast SEO plugin v27.4 - https:\/\/yoast.com\/product\/yoast-seo-wordpress\/ -->\n<title>Environmental Sustainability Commitment - Stanadyne<\/title>\n<meta name=\"description\" content=\"Stanadyne strives to demonstrate its environmental sustainability commitment to improving the environment and our communities.\" \/>\n<meta name=\"robots\" content=\"index, follow, max-snippet:-1, max-image-preview:large, max-video-preview:-1\" \/>\n<link rel=\"canonical\" href=\"https:\/\/www.stanadyne.com\/de\/environmental-sustainability-commitment\/\" \/>\n<meta property=\"og:locale\" content=\"de_DE\" \/>\n<meta property=\"og:type\" content=\"article\" \/>\n<meta property=\"og:title\" content=\"Environmental Sustainability Commitment - Stanadyne\" \/>\n<meta property=\"og:description\" content=\"Stanadyne strives to demonstrate its environmental sustainability commitment to improving the environment and our communities.\" \/>\n<meta property=\"og:url\" content=\"https:\/\/www.stanadyne.com\/de\/environmental-sustainability-commitment\/\" \/>\n<meta property=\"og:site_name\" content=\"Stanadyne\" \/>\n<meta property=\"article:publisher\" content=\"https:\/\/www.facebook.com\/Stanadyne\" \/>\n<meta property=\"article:modified_time\" content=\"2026-01-29T14:31:45+00:00\" \/>\n<meta property=\"og:image\" content=\"https:\/\/www.stanadyne.com\/wp-content\/uploads\/2025\/11\/Team-Building-Logo-High-Resolution-01.webp\" \/>\n\t<meta property=\"og:image:width\" content=\"1920\" \/>\n\t<meta property=\"og:image:height\" content=\"846\" \/>\n\t<meta property=\"og:image:type\" content=\"image\/webp\" \/>\n<meta name=\"twitter:card\" content=\"summary_large_image\" \/>\n<meta name=\"twitter:site\" content=\"@StanadyneGlobal\" \/>\n<meta name=\"twitter:label1\" content=\"Gesch\u00e4tzte Lesezeit\" \/>\n\t<meta name=\"twitter:data1\" content=\"2\u00a0Minuten\" \/>\n<script type=\"application\/ld+json\" class=\"yoast-schema-graph\">{\"@context\":\"https:\\\/\\\/schema.org\",\"@graph\":[{\"@type\":\"WebPage\",\"@id\":\"https:\\\/\\\/www.stanadyne.com\\\/environmental-sustainability-commitment\\\/\",\"url\":\"https:\\\/\\\/www.stanadyne.com\\\/environmental-sustainability-commitment\\\/\",\"name\":\"Environmental Sustainability Commitment - Stanadyne\",\"isPartOf\":{\"@id\":\"https:\\\/\\\/www.stanadyne.com\\\/#website\"},\"primaryImageOfPage\":{\"@id\":\"https:\\\/\\\/www.stanadyne.com\\\/environmental-sustainability-commitment\\\/#primaryimage\"},\"image\":{\"@id\":\"https:\\\/\\\/www.stanadyne.com\\\/environmental-sustainability-commitment\\\/#primaryimage\"},\"thumbnailUrl\":\"https:\\\/\\\/www.stanadyne.com\\\/wp-content\\\/uploads\\\/2025\\\/11\\\/Team-Building-Logo-High-Resolution-01-1024x451.webp\",\"datePublished\":\"2025-11-01T20:03:37+00:00\",\"dateModified\":\"2026-01-29T14:31:45+00:00\",\"description\":\"Stanadyne strives to demonstrate its environmental sustainability commitment to improving the environment and our communities.\",\"breadcrumb\":{\"@id\":\"https:\\\/\\\/www.stanadyne.com\\\/environmental-sustainability-commitment\\\/#breadcrumb\"},\"inLanguage\":\"de\",\"potentialAction\":[{\"@type\":\"ReadAction\",\"target\":[\"https:\\\/\\\/www.stanadyne.com\\\/environmental-sustainability-commitment\\\/\"]}]},{\"@type\":\"ImageObject\",\"inLanguage\":\"de\",\"@id\":\"https:\\\/\\\/www.stanadyne.com\\\/environmental-sustainability-commitment\\\/#primaryimage\",\"url\":\"https:\\\/\\\/www.stanadyne.com\\\/wp-content\\\/uploads\\\/2025\\\/11\\\/Team-Building-Logo-High-Resolution-01-1024x451.webp\",\"contentUrl\":\"https:\\\/\\\/www.stanadyne.com\\\/wp-content\\\/uploads\\\/2025\\\/11\\\/Team-Building-Logo-High-Resolution-01-1024x451.webp\"},{\"@type\":\"BreadcrumbList\",\"@id\":\"https:\\\/\\\/www.stanadyne.com\\\/environmental-sustainability-commitment\\\/#breadcrumb\",\"itemListElement\":[{\"@type\":\"ListItem\",\"position\":1,\"name\":\"Home\",\"item\":\"https:\\\/\\\/www.stanadyne.com\\\/\"},{\"@type\":\"ListItem\",\"position\":2,\"name\":\"Environmental Sustainability Commitment\"}]},{\"@type\":\"WebSite\",\"@id\":\"https:\\\/\\\/www.stanadyne.com\\\/#website\",\"url\":\"https:\\\/\\\/www.stanadyne.com\\\/\",\"name\":\"Stanadyne\",\"description\":\"Accelerating Engine Innovation\",\"publisher\":{\"@id\":\"https:\\\/\\\/www.stanadyne.com\\\/#organization\"},\"potentialAction\":[{\"@type\":\"SearchAction\",\"target\":{\"@type\":\"EntryPoint\",\"urlTemplate\":\"https:\\\/\\\/www.stanadyne.com\\\/?s={search_term_string}\"},\"query-input\":{\"@type\":\"PropertyValueSpecification\",\"valueRequired\":true,\"valueName\":\"search_term_string\"}}],\"inLanguage\":\"de\"},{\"@type\":\"Organization\",\"@id\":\"https:\\\/\\\/www.stanadyne.com\\\/#organization\",\"name\":\"Stanadyne\",\"url\":\"https:\\\/\\\/www.stanadyne.com\\\/\",\"logo\":{\"@type\":\"ImageObject\",\"inLanguage\":\"de\",\"@id\":\"https:\\\/\\\/www.stanadyne.com\\\/#\\\/schema\\\/logo\\\/image\\\/\",\"url\":\"https:\\\/\\\/www.stanadyne.com\\\/wp-content\\\/uploads\\\/2016\\\/07\\\/amalgamations-main.jpg\",\"contentUrl\":\"https:\\\/\\\/www.stanadyne.com\\\/wp-content\\\/uploads\\\/2016\\\/07\\\/amalgamations-main.jpg\",\"width\":711,\"height\":328,\"caption\":\"Stanadyne\"},\"image\":{\"@id\":\"https:\\\/\\\/www.stanadyne.com\\\/#\\\/schema\\\/logo\\\/image\\\/\"},\"sameAs\":[\"https:\\\/\\\/www.facebook.com\\\/Stanadyne\",\"https:\\\/\\\/x.com\\\/StanadyneGlobal\",\"https:\\\/\\\/www.linkedin.com\\\/company\\\/53299?trk=tyah&amp;amp;amp;amp;trkInfo=tarId:1415624915381,tas:stanadyne,idx:2-1-4\"]}]}<\/script>\n<!-- \/ Yoast SEO plugin. -->","yoast_head_json":{"title":"Verpflichtung zur \u00f6kologischen Nachhaltigkeit - Stanadyne","description":"Stanadyne ist bestrebt, sein Engagement f\u00fcr \u00f6kologische Nachhaltigkeit zu demonstrieren, um die Umwelt und unsere Gemeinden zu verbessern.","robots":{"index":"index","follow":"follow","max-snippet":"max-snippet:-1","max-image-preview":"max-image-preview:large","max-video-preview":"max-video-preview:-1"},"canonical":"https:\/\/www.stanadyne.com\/de\/environmental-sustainability-commitment\/","og_locale":"de_DE","og_type":"article","og_title":"Environmental Sustainability Commitment - Stanadyne","og_description":"Stanadyne strives to demonstrate its environmental sustainability commitment to improving the environment and our communities.","og_url":"https:\/\/www.stanadyne.com\/de\/environmental-sustainability-commitment\/","og_site_name":"Stanadyne","article_publisher":"https:\/\/www.facebook.com\/Stanadyne","article_modified_time":"2026-01-29T14:31:45+00:00","og_image":[{"width":1920,"height":846,"url":"https:\/\/www.stanadyne.com\/wp-content\/uploads\/2025\/11\/Team-Building-Logo-High-Resolution-01.webp","type":"image\/webp"}],"twitter_card":"summary_large_image","twitter_site":"@StanadyneGlobal","twitter_misc":{"Gesch\u00e4tzte Lesezeit":"2\u00a0Minuten"},"schema":{"@context":"https:\/\/schema.org","@graph":[{"@type":"WebPage","@id":"https:\/\/www.stanadyne.com\/environmental-sustainability-commitment\/","url":"https:\/\/www.stanadyne.com\/environmental-sustainability-commitment\/","name":"Verpflichtung zur \u00f6kologischen Nachhaltigkeit - Stanadyne","isPartOf":{"@id":"https:\/\/www.stanadyne.com\/#website"},"primaryImageOfPage":{"@id":"https:\/\/www.stanadyne.com\/environmental-sustainability-commitment\/#primaryimage"},"image":{"@id":"https:\/\/www.stanadyne.com\/environmental-sustainability-commitment\/#primaryimage"},"thumbnailUrl":"https:\/\/www.stanadyne.com\/wp-content\/uploads\/2025\/11\/Team-Building-Logo-High-Resolution-01-1024x451.webp","datePublished":"2025-11-01T20:03:37+00:00","dateModified":"2026-01-29T14:31:45+00:00","description":"Stanadyne ist bestrebt, sein Engagement f\u00fcr \u00f6kologische Nachhaltigkeit zu demonstrieren, um die Umwelt und unsere Gemeinden zu verbessern.","breadcrumb":{"@id":"https:\/\/www.stanadyne.com\/environmental-sustainability-commitment\/#breadcrumb"},"inLanguage":"de","potentialAction":[{"@type":"ReadAction","target":["https:\/\/www.stanadyne.com\/environmental-sustainability-commitment\/"]}]},{"@type":"ImageObject","inLanguage":"de","@id":"https:\/\/www.stanadyne.com\/environmental-sustainability-commitment\/#primaryimage","url":"https:\/\/www.stanadyne.com\/wp-content\/uploads\/2025\/11\/Team-Building-Logo-High-Resolution-01-1024x451.webp","contentUrl":"https:\/\/www.stanadyne.com\/wp-content\/uploads\/2025\/11\/Team-Building-Logo-High-Resolution-01-1024x451.webp"},{"@type":"BreadcrumbList","@id":"https:\/\/www.stanadyne.com\/environmental-sustainability-commitment\/#breadcrumb","itemListElement":[{"@type":"ListItem","position":1,"name":"Home","item":"https:\/\/www.stanadyne.com\/"},{"@type":"ListItem","position":2,"name":"Environmental Sustainability Commitment"}]},{"@type":"WebSite","@id":"https:\/\/www.stanadyne.com\/#website","url":"https:\/\/www.stanadyne.com\/","name":"Stanadyne","description":"Beschleunigung der Motorinnovation","publisher":{"@id":"https:\/\/www.stanadyne.com\/#organization"},"potentialAction":[{"@type":"SearchAction","target":{"@type":"EntryPoint","urlTemplate":"https:\/\/www.stanadyne.com\/?s={search_term_string}"},"query-input":{"@type":"PropertyValueSpecification","valueRequired":true,"valueName":"search_term_string"}}],"inLanguage":"de"},{"@type":"Organization","@id":"https:\/\/www.stanadyne.com\/#organization","name":"Stanadyne","url":"https:\/\/www.stanadyne.com\/","logo":{"@type":"ImageObject","inLanguage":"de","@id":"https:\/\/www.stanadyne.com\/#\/schema\/logo\/image\/","url":"https:\/\/www.stanadyne.com\/wp-content\/uploads\/2016\/07\/amalgamations-main.jpg","contentUrl":"https:\/\/www.stanadyne.com\/wp-content\/uploads\/2016\/07\/amalgamations-main.jpg","width":711,"height":328,"caption":"Stanadyne"},"image":{"@id":"https:\/\/www.stanadyne.com\/#\/schema\/logo\/image\/"},"sameAs":["https:\/\/www.facebook.com\/Stanadyne","https:\/\/x.com\/StanadyneGlobal","https:\/\/www.linkedin.com\/company\/53299?trk=tyah&amp;amp;amp;amp;trkInfo=tarId:1415624915381,tas:stanadyne,idx:2-1-4"]}]}},"_links":{"self":[{"href":"https:\/\/www.stanadyne.com\/de\/wp-json\/wp\/v2\/pages\/17618","targetHints":{"allow":["GET"]}}],"collection":[{"href":"https:\/\/www.stanadyne.com\/de\/wp-json\/wp\/v2\/pages"}],"about":[{"href":"https:\/\/www.stanadyne.com\/de\/wp-json\/wp\/v2\/types\/page"}],"author":[{"embeddable":true,"href":"https:\/\/www.stanadyne.com\/de\/wp-json\/wp\/v2\/users\/13"}],"replies":[{"embeddable":true,"href":"https:\/\/www.stanadyne.com\/de\/wp-json\/wp\/v2\/comments?post=17618"}],"version-history":[{"count":52,"href":"https:\/\/www.stanadyne.com\/de\/wp-json\/wp\/v2\/pages\/17618\/revisions"}],"predecessor-version":[{"id":43697,"href":"https:\/\/www.stanadyne.com\/de\/wp-json\/wp\/v2\/pages\/17618\/revisions\/43697"}],"wp:attachment":[{"href":"https:\/\/www.stanadyne.com\/de\/wp-json\/wp\/v2\/media?parent=17618"}],"curies":[{"name":"wp","href":"https:\/\/api.w.org\/{rel}","templated":true}]}}