{"id":16042,"date":"2025-11-01T16:44:46","date_gmt":"2025-11-01T20:44:46","guid":{"rendered":"https:\/\/s5c.72e.mywebsitetransfer.com\/?page_id=16042"},"modified":"2026-01-29T20:14:06","modified_gmt":"2026-01-30T01:14:06","slug":"workplace-notices","status":"publish","type":"page","link":"https:\/\/www.stanadyne.com\/de\/workplace-notices\/","title":{"rendered":"Workplace Notices"},"content":{"rendered":"<div data-elementor-type=\"wp-page\" data-elementor-id=\"16042\" class=\"elementor elementor-16042\" data-elementor-post-type=\"page\">\n\t\t\t\t<div class=\"elementor-element elementor-element-110fa01d e-flex e-con-boxed elementor-invisible e-con e-parent\" data-id=\"110fa01d\" data-element_type=\"container\" data-e-type=\"container\" data-settings=\"{&quot;animation&quot;:&quot;fadeInUp&quot;}\">\n\t\t\t\t\t<div class=\"e-con-inner\">\n\t\t\t\t<div class=\"elementor-element elementor-element-5383bba8 elementor-widget elementor-widget-text-editor\" data-id=\"5383bba8\" data-element_type=\"widget\" data-e-type=\"widget\" data-widget_type=\"text-editor.default\">\n\t\t\t\t\t\t\t\t\t<p><a href=\"https:\/\/www.stanadyne.com\/de\/\">Stanadyne LLC<\/a>&#8216;s US locations are required to have the following work place notices on display. These posters may be visible at building entrances, bulletin boards, employee break rooms, and locations where individuals submit applications for employment.<\/p><p>Wenn Sie diese Plakate und Hinweise nicht in Ihrem Geb\u00e4ude aush\u00e4ngen sehen, k\u00f6nnen Sie die ben\u00f6tigten PDF-Dateien aus der unten stehenden Liste herunterladen und ausdrucken.<\/p><ul><li><a href=\"https:\/\/www.stanadyne.com\/wp-content\/uploads\/2025\/11\/Poster.Right-to-Work.pdf\" target=\"_blank\" rel=\"noopener noreferrer\">Recht auf Arbeit<\/a><\/li><li><a href=\"https:\/\/www.stanadyne.com\/wp-content\/uploads\/2025\/11\/EEOC_it_is-the_LAW_poster.pdf\" target=\"_blank\" rel=\"noopener noreferrer\">Chancengleichheit bei der Besch\u00e4ftigung (1)<\/a><\/li><li><a href=\"https:\/\/www.stanadyne.com\/wp-content\/uploads\/2025\/11\/EEO-OFCCP_Supplement_Poster.pdf\" target=\"_blank\" rel=\"noopener noreferrer\">Chancengleichheit bei der Besch\u00e4ftigung (2)<\/a><\/li><li><a href=\"https:\/\/www.stanadyne.com\/wp-content\/uploads\/2025\/11\/E-Verify-Participation_Poster.pdf\" target=\"_blank\" rel=\"noopener noreferrer\">E-Verify<\/a><\/li><li><a href=\"https:\/\/www.stanadyne.com\/wp-content\/uploads\/2025\/11\/FMLA_Poster.pdf\" target=\"_blank\" rel=\"noopener noreferrer\">Arbeitnehmerrechte<\/a><\/li><\/ul>\t\t\t\t\t\t\t\t<\/div>\n\t\t\t\t\t<\/div>\n\t\t\t\t<\/div>\n\t\t\t\t<\/div>","protected":false},"excerpt":{"rendered":"<p>Stanadyne LLC&#8216;s US locations are required to have the following work place notices on display. These posters may be visible at building entrances, bulletin boards, employee break rooms, and locations where individuals submit applications for employment. If you do not see these posters and notices prominently displayed in your building, you may download and print&hellip;<\/p>","protected":false},"author":13,"featured_media":0,"parent":0,"menu_order":0,"comment_status":"closed","ping_status":"closed","template":"","meta":{"footnotes":""},"class_list":["post-16042","page","type-page","status-publish","hentry"],"yoast_head":"<!-- This site is optimized with the Yoast SEO plugin v27.4 - https:\/\/yoast.com\/product\/yoast-seo-wordpress\/ -->\n<title>Workplace Notices - Stanadyne<\/title>\n<meta name=\"description\" content=\"Stanadyne LLC&#039;s US locations are required to have the following workplace notices on display. Equal Opportunity Employer.\" \/>\n<meta name=\"robots\" content=\"index, follow, max-snippet:-1, max-image-preview:large, max-video-preview:-1\" \/>\n<link rel=\"canonical\" href=\"https:\/\/www.stanadyne.com\/de\/workplace-notices\/\" \/>\n<meta property=\"og:locale\" content=\"de_DE\" \/>\n<meta property=\"og:type\" content=\"article\" \/>\n<meta property=\"og:title\" content=\"Workplace Notices - Stanadyne\" \/>\n<meta property=\"og:description\" content=\"Stanadyne LLC&#039;s US locations are required to have the following workplace notices on display. Equal Opportunity Employer.\" \/>\n<meta property=\"og:url\" content=\"https:\/\/www.stanadyne.com\/de\/workplace-notices\/\" \/>\n<meta property=\"og:site_name\" content=\"Stanadyne\" \/>\n<meta property=\"article:publisher\" content=\"https:\/\/www.facebook.com\/Stanadyne\" \/>\n<meta property=\"article:modified_time\" content=\"2026-01-30T01:14:06+00:00\" \/>\n<meta property=\"og:image\" content=\"https:\/\/www.stanadyne.com\/wp-content\/uploads\/2022\/01\/Stanadyne_298-2.jpg\" \/>\n\t<meta property=\"og:image:width\" content=\"298\" \/>\n\t<meta property=\"og:image:height\" content=\"68\" \/>\n\t<meta property=\"og:image:type\" content=\"image\/jpeg\" \/>\n<meta name=\"twitter:card\" content=\"summary_large_image\" \/>\n<meta name=\"twitter:site\" content=\"@StanadyneGlobal\" \/>\n<script type=\"application\/ld+json\" class=\"yoast-schema-graph\">{\"@context\":\"https:\\\/\\\/schema.org\",\"@graph\":[{\"@type\":\"WebPage\",\"@id\":\"https:\\\/\\\/www.stanadyne.com\\\/workplace-notices\\\/\",\"url\":\"https:\\\/\\\/www.stanadyne.com\\\/workplace-notices\\\/\",\"name\":\"Workplace Notices - Stanadyne\",\"isPartOf\":{\"@id\":\"https:\\\/\\\/www.stanadyne.com\\\/#website\"},\"datePublished\":\"2025-11-01T20:44:46+00:00\",\"dateModified\":\"2026-01-30T01:14:06+00:00\",\"description\":\"Stanadyne LLC's US locations are required to have the following workplace notices on display. Equal Opportunity Employer.\",\"breadcrumb\":{\"@id\":\"https:\\\/\\\/www.stanadyne.com\\\/workplace-notices\\\/#breadcrumb\"},\"inLanguage\":\"de\",\"potentialAction\":[{\"@type\":\"ReadAction\",\"target\":[\"https:\\\/\\\/www.stanadyne.com\\\/workplace-notices\\\/\"]}]},{\"@type\":\"BreadcrumbList\",\"@id\":\"https:\\\/\\\/www.stanadyne.com\\\/workplace-notices\\\/#breadcrumb\",\"itemListElement\":[{\"@type\":\"ListItem\",\"position\":1,\"name\":\"Home\",\"item\":\"https:\\\/\\\/www.stanadyne.com\\\/\"},{\"@type\":\"ListItem\",\"position\":2,\"name\":\"Workplace Notices\"}]},{\"@type\":\"WebSite\",\"@id\":\"https:\\\/\\\/www.stanadyne.com\\\/#website\",\"url\":\"https:\\\/\\\/www.stanadyne.com\\\/\",\"name\":\"Stanadyne\",\"description\":\"Accelerating Engine Innovation\",\"publisher\":{\"@id\":\"https:\\\/\\\/www.stanadyne.com\\\/#organization\"},\"potentialAction\":[{\"@type\":\"SearchAction\",\"target\":{\"@type\":\"EntryPoint\",\"urlTemplate\":\"https:\\\/\\\/www.stanadyne.com\\\/?s={search_term_string}\"},\"query-input\":{\"@type\":\"PropertyValueSpecification\",\"valueRequired\":true,\"valueName\":\"search_term_string\"}}],\"inLanguage\":\"de\"},{\"@type\":\"Organization\",\"@id\":\"https:\\\/\\\/www.stanadyne.com\\\/#organization\",\"name\":\"Stanadyne\",\"url\":\"https:\\\/\\\/www.stanadyne.com\\\/\",\"logo\":{\"@type\":\"ImageObject\",\"inLanguage\":\"de\",\"@id\":\"https:\\\/\\\/www.stanadyne.com\\\/#\\\/schema\\\/logo\\\/image\\\/\",\"url\":\"https:\\\/\\\/www.stanadyne.com\\\/wp-content\\\/uploads\\\/2016\\\/07\\\/amalgamations-main.jpg\",\"contentUrl\":\"https:\\\/\\\/www.stanadyne.com\\\/wp-content\\\/uploads\\\/2016\\\/07\\\/amalgamations-main.jpg\",\"width\":711,\"height\":328,\"caption\":\"Stanadyne\"},\"image\":{\"@id\":\"https:\\\/\\\/www.stanadyne.com\\\/#\\\/schema\\\/logo\\\/image\\\/\"},\"sameAs\":[\"https:\\\/\\\/www.facebook.com\\\/Stanadyne\",\"https:\\\/\\\/x.com\\\/StanadyneGlobal\",\"https:\\\/\\\/www.linkedin.com\\\/company\\\/53299?trk=tyah&amp;amp;amp;amp;trkInfo=tarId:1415624915381,tas:stanadyne,idx:2-1-4\"]}]}<\/script>\n<!-- \/ Yoast SEO plugin. -->","yoast_head_json":{"title":"Workplace Notices - Stanadyne","description":"Stanadyne LLC's US locations are required to have the following workplace notices on display. Equal Opportunity Employer.","robots":{"index":"index","follow":"follow","max-snippet":"max-snippet:-1","max-image-preview":"max-image-preview:large","max-video-preview":"max-video-preview:-1"},"canonical":"https:\/\/www.stanadyne.com\/de\/workplace-notices\/","og_locale":"de_DE","og_type":"article","og_title":"Workplace Notices - Stanadyne","og_description":"Stanadyne LLC's US locations are required to have the following workplace notices on display. Equal Opportunity Employer.","og_url":"https:\/\/www.stanadyne.com\/de\/workplace-notices\/","og_site_name":"Stanadyne","article_publisher":"https:\/\/www.facebook.com\/Stanadyne","article_modified_time":"2026-01-30T01:14:06+00:00","og_image":[{"width":298,"height":68,"url":"https:\/\/www.stanadyne.com\/wp-content\/uploads\/2022\/01\/Stanadyne_298-2.jpg","type":"image\/jpeg"}],"twitter_card":"summary_large_image","twitter_site":"@StanadyneGlobal","schema":{"@context":"https:\/\/schema.org","@graph":[{"@type":"WebPage","@id":"https:\/\/www.stanadyne.com\/workplace-notices\/","url":"https:\/\/www.stanadyne.com\/workplace-notices\/","name":"Workplace Notices - Stanadyne","isPartOf":{"@id":"https:\/\/www.stanadyne.com\/#website"},"datePublished":"2025-11-01T20:44:46+00:00","dateModified":"2026-01-30T01:14:06+00:00","description":"Stanadyne LLC's US locations are required to have the following workplace notices on display. Equal Opportunity Employer.","breadcrumb":{"@id":"https:\/\/www.stanadyne.com\/workplace-notices\/#breadcrumb"},"inLanguage":"de","potentialAction":[{"@type":"ReadAction","target":["https:\/\/www.stanadyne.com\/workplace-notices\/"]}]},{"@type":"BreadcrumbList","@id":"https:\/\/www.stanadyne.com\/workplace-notices\/#breadcrumb","itemListElement":[{"@type":"ListItem","position":1,"name":"Home","item":"https:\/\/www.stanadyne.com\/"},{"@type":"ListItem","position":2,"name":"Workplace Notices"}]},{"@type":"WebSite","@id":"https:\/\/www.stanadyne.com\/#website","url":"https:\/\/www.stanadyne.com\/","name":"Stanadyne","description":"Beschleunigung der Motorinnovation","publisher":{"@id":"https:\/\/www.stanadyne.com\/#organization"},"potentialAction":[{"@type":"SearchAction","target":{"@type":"EntryPoint","urlTemplate":"https:\/\/www.stanadyne.com\/?s={search_term_string}"},"query-input":{"@type":"PropertyValueSpecification","valueRequired":true,"valueName":"search_term_string"}}],"inLanguage":"de"},{"@type":"Organization","@id":"https:\/\/www.stanadyne.com\/#organization","name":"Stanadyne","url":"https:\/\/www.stanadyne.com\/","logo":{"@type":"ImageObject","inLanguage":"de","@id":"https:\/\/www.stanadyne.com\/#\/schema\/logo\/image\/","url":"https:\/\/www.stanadyne.com\/wp-content\/uploads\/2016\/07\/amalgamations-main.jpg","contentUrl":"https:\/\/www.stanadyne.com\/wp-content\/uploads\/2016\/07\/amalgamations-main.jpg","width":711,"height":328,"caption":"Stanadyne"},"image":{"@id":"https:\/\/www.stanadyne.com\/#\/schema\/logo\/image\/"},"sameAs":["https:\/\/www.facebook.com\/Stanadyne","https:\/\/x.com\/StanadyneGlobal","https:\/\/www.linkedin.com\/company\/53299?trk=tyah&amp;amp;amp;amp;trkInfo=tarId:1415624915381,tas:stanadyne,idx:2-1-4"]}]}},"_links":{"self":[{"href":"https:\/\/www.stanadyne.com\/de\/wp-json\/wp\/v2\/pages\/16042","targetHints":{"allow":["GET"]}}],"collection":[{"href":"https:\/\/www.stanadyne.com\/de\/wp-json\/wp\/v2\/pages"}],"about":[{"href":"https:\/\/www.stanadyne.com\/de\/wp-json\/wp\/v2\/types\/page"}],"author":[{"embeddable":true,"href":"https:\/\/www.stanadyne.com\/de\/wp-json\/wp\/v2\/users\/13"}],"replies":[{"embeddable":true,"href":"https:\/\/www.stanadyne.com\/de\/wp-json\/wp\/v2\/comments?post=16042"}],"version-history":[{"count":32,"href":"https:\/\/www.stanadyne.com\/de\/wp-json\/wp\/v2\/pages\/16042\/revisions"}],"predecessor-version":[{"id":43769,"href":"https:\/\/www.stanadyne.com\/de\/wp-json\/wp\/v2\/pages\/16042\/revisions\/43769"}],"wp:attachment":[{"href":"https:\/\/www.stanadyne.com\/de\/wp-json\/wp\/v2\/media?parent=16042"}],"curies":[{"name":"wp","href":"https:\/\/api.w.org\/{rel}","templated":true}]}}